{"id":27722,"date":"2026-04-27T17:42:56","date_gmt":"2026-04-27T20:42:56","guid":{"rendered":"https:\/\/www.gravuragaleria.com.br\/?post_type=product&#038;p=27722"},"modified":"2026-04-27T17:44:20","modified_gmt":"2026-04-27T20:44:20","slug":"maria-eduarda-comas-3","status":"publish","type":"product","link":"https:\/\/www.gravuragaleria.com.br\/?product=maria-eduarda-comas-3","title":{"rendered":"Maria Eduarda Comas"},"content":{"rendered":"<p>Ib\u00eare: Composi\u00e7\u00e3o Interna Tri\u00e2ngular<\/p>\n<p>30 x 30<\/p>\n<p>&nbsp;<\/p>\n<p>&nbsp;<\/p>\n","protected":false},"excerpt":{"rendered":"<p>Ib\u00eare: Composi\u00e7\u00e3o Interna Tri\u00e2ngular 30 x 30 &nbsp; &nbsp;<\/p>\n","protected":false},"featured_media":27723,"comment_status":"closed","ping_status":"closed","template":"","meta":[],"product_cat":[22],"product_tag":[],"class_list":{"0":"post-27722","1":"product","2":"type-product","3":"status-publish","4":"has-post-thumbnail","6":"product_cat-sem-categoria","8":"first","9":"instock","10":"shipping-taxable","11":"purchasable","12":"product-type-simple"},"_links":{"self":[{"href":"https:\/\/www.gravuragaleria.com.br\/index.php?rest_route=\/wp\/v2\/product\/27722","targetHints":{"allow":["GET"]}}],"collection":[{"href":"https:\/\/www.gravuragaleria.com.br\/index.php?rest_route=\/wp\/v2\/product"}],"about":[{"href":"https:\/\/www.gravuragaleria.com.br\/index.php?rest_route=\/wp\/v2\/types\/product"}],"replies":[{"embeddable":true,"href":"https:\/\/www.gravuragaleria.com.br\/index.php?rest_route=%2Fwp%2Fv2%2Fcomments&post=27722"}],"wp:featuredmedia":[{"embeddable":true,"href":"https:\/\/www.gravuragaleria.com.br\/index.php?rest_route=\/wp\/v2\/media\/27723"}],"wp:attachment":[{"href":"https:\/\/www.gravuragaleria.com.br\/index.php?rest_route=%2Fwp%2Fv2%2Fmedia&parent=27722"}],"wp:term":[{"taxonomy":"product_cat","embeddable":true,"href":"https:\/\/www.gravuragaleria.com.br\/index.php?rest_route=%2Fwp%2Fv2%2Fproduct_cat&post=27722"},{"taxonomy":"product_tag","embeddable":true,"href":"https:\/\/www.gravuragaleria.com.br\/index.php?rest_route=%2Fwp%2Fv2%2Fproduct_tag&post=27722"}],"curies":[{"name":"wp","href":"https:\/\/api.w.org\/{rel}","templated":true}]}}