{"id":23705,"date":"2024-05-07T16:23:07","date_gmt":"2024-05-07T19:23:07","guid":{"rendered":"https:\/\/www.gravuragaleria.com.br\/?post_type=product&#038;p=23705"},"modified":"2024-06-18T11:29:55","modified_gmt":"2024-06-18T14:29:55","slug":"erico-santos-2","status":"publish","type":"product","link":"https:\/\/www.gravuragaleria.com.br\/?product=erico-santos-2","title":{"rendered":"\u00c9rico Santos"},"content":{"rendered":"<p>&#8220;Invoca\u00e7\u00e3o Pantanal&#8221;<\/p>\n<p>Acr\u00edlica sobre tela<\/p>\n<p>80x108cm<\/p>\n","protected":false},"excerpt":{"rendered":"<p>&#8220;Invoca\u00e7\u00e3o Pantanal&#8221; Acr\u00edlica sobre tela 80x108cm<\/p>\n","protected":false},"featured_media":23706,"comment_status":"closed","ping_status":"closed","template":"","meta":[],"product_cat":[117,91,31,27],"product_tag":[],"class_list":{"0":"post-23705","1":"product","2":"type-product","3":"status-publish","4":"has-post-thumbnail","6":"product_cat-arte-salva","7":"product_cat-atlantida-arte-2023","8":"product_cat-escultura","9":"product_cat-exposicoes","11":"first","12":"outofstock","13":"sale","14":"shipping-taxable","15":"purchasable","16":"product-type-simple"},"_links":{"self":[{"href":"https:\/\/www.gravuragaleria.com.br\/index.php?rest_route=\/wp\/v2\/product\/23705","targetHints":{"allow":["GET"]}}],"collection":[{"href":"https:\/\/www.gravuragaleria.com.br\/index.php?rest_route=\/wp\/v2\/product"}],"about":[{"href":"https:\/\/www.gravuragaleria.com.br\/index.php?rest_route=\/wp\/v2\/types\/product"}],"replies":[{"embeddable":true,"href":"https:\/\/www.gravuragaleria.com.br\/index.php?rest_route=%2Fwp%2Fv2%2Fcomments&post=23705"}],"wp:featuredmedia":[{"embeddable":true,"href":"https:\/\/www.gravuragaleria.com.br\/index.php?rest_route=\/wp\/v2\/media\/23706"}],"wp:attachment":[{"href":"https:\/\/www.gravuragaleria.com.br\/index.php?rest_route=%2Fwp%2Fv2%2Fmedia&parent=23705"}],"wp:term":[{"taxonomy":"product_cat","embeddable":true,"href":"https:\/\/www.gravuragaleria.com.br\/index.php?rest_route=%2Fwp%2Fv2%2Fproduct_cat&post=23705"},{"taxonomy":"product_tag","embeddable":true,"href":"https:\/\/www.gravuragaleria.com.br\/index.php?rest_route=%2Fwp%2Fv2%2Fproduct_tag&post=23705"}],"curies":[{"name":"wp","href":"https:\/\/api.w.org\/{rel}","templated":true}]}}