{"id":23604,"date":"2024-05-07T10:36:44","date_gmt":"2024-05-07T13:36:44","guid":{"rendered":"https:\/\/www.gravuragaleria.com.br\/?post_type=product&#038;p=23604"},"modified":"2026-03-17T15:27:41","modified_gmt":"2026-03-17T18:27:41","slug":"cylene-dallegrave-6","status":"publish","type":"product","link":"https:\/\/www.gravuragaleria.com.br\/?product=cylene-dallegrave-6","title":{"rendered":"Cylene Dallegrave"},"content":{"rendered":"<p>Infogravura digital, 30x42cm.<\/p>\n<p>A ARTE SALVA!<\/p>\n<p>A Gravura Galeria de Arte acredita que a arte tamb\u00e9m salva. Assim como na pandemia criamos o CONFINART e colocamos arte numa galeria virtual, agora, nossa forma de ajudar o Rio Grande, t\u00e3o abalado e prejudicado nesse momento, \u00e9 a &#8220;ARTE SALVA!&#8221;. Iremos expor virtualmente nas nossas redes e na Galeria, obras de arte que ter\u00e3o a renda revertida para ajudar os atingidos pelas chuvas no nosso Estado. Assim como na pandemia, a situa\u00e7\u00e3o \u00e9 muito grave e a solidariedade vai fazer parte da nossa rotina por muito tempo. Acompanhe e ajude.<\/p>\n<p>Como ajudar\/adquirir as obras:<br \/>\nNa Galeria: R. Corte Real, 647 &#8211; Porto Alegre<br \/>\nNo Whats: (51) 99718 9258<br \/>\nPor Telefone: (51) 3333 1946<br \/>\n.<br \/>\n#for\u00e7aRS<br \/>\n#ajudaRS<br \/>\n#riogrande<\/p>\n","protected":false},"excerpt":{"rendered":"<p>Infogravura digital, 30x42cm. A ARTE SALVA! A Gravura Galeria de Arte acredita que a arte tamb\u00e9m salva. Assim como na pandemia criamos o CONFINART e colocamos arte numa galeria virtual, agora, nossa forma de ajudar o Rio Grande, t\u00e3o abalado e prejudicado nesse momento, \u00e9 a &#8220;ARTE SALVA!&#8221;. Iremos expor virtualmente nas nossas redes e [&hellip;]<\/p>\n","protected":false},"featured_media":23678,"comment_status":"closed","ping_status":"closed","template":"","meta":[],"product_cat":[117],"product_tag":[],"class_list":{"0":"post-23604","1":"product","2":"type-product","3":"status-publish","4":"has-post-thumbnail","6":"product_cat-arte-salva","8":"first","9":"onbackorder","10":"shipping-taxable","11":"purchasable","12":"product-type-simple"},"_links":{"self":[{"href":"https:\/\/www.gravuragaleria.com.br\/index.php?rest_route=\/wp\/v2\/product\/23604","targetHints":{"allow":["GET"]}}],"collection":[{"href":"https:\/\/www.gravuragaleria.com.br\/index.php?rest_route=\/wp\/v2\/product"}],"about":[{"href":"https:\/\/www.gravuragaleria.com.br\/index.php?rest_route=\/wp\/v2\/types\/product"}],"replies":[{"embeddable":true,"href":"https:\/\/www.gravuragaleria.com.br\/index.php?rest_route=%2Fwp%2Fv2%2Fcomments&post=23604"}],"wp:featuredmedia":[{"embeddable":true,"href":"https:\/\/www.gravuragaleria.com.br\/index.php?rest_route=\/wp\/v2\/media\/23678"}],"wp:attachment":[{"href":"https:\/\/www.gravuragaleria.com.br\/index.php?rest_route=%2Fwp%2Fv2%2Fmedia&parent=23604"}],"wp:term":[{"taxonomy":"product_cat","embeddable":true,"href":"https:\/\/www.gravuragaleria.com.br\/index.php?rest_route=%2Fwp%2Fv2%2Fproduct_cat&post=23604"},{"taxonomy":"product_tag","embeddable":true,"href":"https:\/\/www.gravuragaleria.com.br\/index.php?rest_route=%2Fwp%2Fv2%2Fproduct_tag&post=23604"}],"curies":[{"name":"wp","href":"https:\/\/api.w.org\/{rel}","templated":true}]}}