{"id":23409,"date":"2024-03-22T10:11:54","date_gmt":"2024-03-22T13:11:54","guid":{"rendered":"https:\/\/www.gravuragaleria.com.br\/?post_type=product&#038;p=23409"},"modified":"2024-11-05T14:11:29","modified_gmt":"2024-11-05T17:11:29","slug":"clara-pechansky-chorinho-para-amadeus-2","status":"publish","type":"product","link":"https:\/\/www.gravuragaleria.com.br\/?product=clara-pechansky-chorinho-para-amadeus-2","title":{"rendered":"Clara Pechansky &#8211; Chorinho para Amadeus"},"content":{"rendered":"<p>Serigrafia de <strong>Clara Pechansky<\/strong><\/p>\n<p>Formato: 48&#215;66<\/p>\n<p><b>CLARA PECHANSKY <\/b>(Pelotas, RS, Brasil, 1936) \u00e9 pintora, desenhista e gravadora. Bacharel em Pintura e Licenciada em Desenho e Hist\u00f3ria da Arte (UFPEL\/UFRGS), possui um s\u00f3lido conjunto de obra e um extenso curr\u00edculo, que compreende mais de 60 exposi\u00e7\u00f5es individuais e de mais de 100 participa\u00e7\u00f5es em coletivas, sal\u00f5es, bienais e trienais em diversos pa\u00edses, com pr\u00eamios internacionais em Desenho e Gravura. Atua tamb\u00e9m como produtora cultural, criando projetos que s\u00e3o realizados no Brasil e no exterior. Autora de capas de livros e ilustradora, \u00e9 tamb\u00e9m palestrante sobre Arte e temas correlatos.<\/p>\n","protected":false},"excerpt":{"rendered":"<p>Serigrafia de Clara Pechansky Formato: 48&#215;66 CLARA PECHANSKY (Pelotas, RS, Brasil, 1936) \u00e9 pintora, desenhista e gravadora. Bacharel em Pintura e Licenciada em Desenho e Hist\u00f3ria da Arte (UFPEL\/UFRGS), possui um s\u00f3lido conjunto de obra e um extenso curr\u00edculo, que compreende mais de 60 exposi\u00e7\u00f5es individuais e de mais de 100 participa\u00e7\u00f5es em coletivas, sal\u00f5es, [&hellip;]<\/p>\n","protected":false},"featured_media":23410,"comment_status":"closed","ping_status":"closed","template":"","meta":[],"product_cat":[117,23],"product_tag":[],"class_list":{"0":"post-23409","1":"product","2":"type-product","3":"status-publish","4":"has-post-thumbnail","6":"product_cat-arte-salva","7":"product_cat-serigrafia","9":"first","10":"instock","11":"shipping-taxable","12":"purchasable","13":"product-type-simple"},"_links":{"self":[{"href":"https:\/\/www.gravuragaleria.com.br\/index.php?rest_route=\/wp\/v2\/product\/23409","targetHints":{"allow":["GET"]}}],"collection":[{"href":"https:\/\/www.gravuragaleria.com.br\/index.php?rest_route=\/wp\/v2\/product"}],"about":[{"href":"https:\/\/www.gravuragaleria.com.br\/index.php?rest_route=\/wp\/v2\/types\/product"}],"replies":[{"embeddable":true,"href":"https:\/\/www.gravuragaleria.com.br\/index.php?rest_route=%2Fwp%2Fv2%2Fcomments&post=23409"}],"wp:featuredmedia":[{"embeddable":true,"href":"https:\/\/www.gravuragaleria.com.br\/index.php?rest_route=\/wp\/v2\/media\/23410"}],"wp:attachment":[{"href":"https:\/\/www.gravuragaleria.com.br\/index.php?rest_route=%2Fwp%2Fv2%2Fmedia&parent=23409"}],"wp:term":[{"taxonomy":"product_cat","embeddable":true,"href":"https:\/\/www.gravuragaleria.com.br\/index.php?rest_route=%2Fwp%2Fv2%2Fproduct_cat&post=23409"},{"taxonomy":"product_tag","embeddable":true,"href":"https:\/\/www.gravuragaleria.com.br\/index.php?rest_route=%2Fwp%2Fv2%2Fproduct_tag&post=23409"}],"curies":[{"name":"wp","href":"https:\/\/api.w.org\/{rel}","templated":true}]}}