{"id":23367,"date":"2024-03-14T15:20:40","date_gmt":"2024-03-14T18:20:40","guid":{"rendered":"https:\/\/www.gravuragaleria.com.br\/?post_type=product&#038;p=23367"},"modified":"2024-05-28T15:11:52","modified_gmt":"2024-05-28T18:11:52","slug":"clara-pechansky-danca-2","status":"publish","type":"product","link":"https:\/\/www.gravuragaleria.com.br\/?product=clara-pechansky-danca-2","title":{"rendered":"Clara Pechansky &#8211; Dan\u00e7a"},"content":{"rendered":"<h3>Andante<\/h3>\n<p>Serigrafia de <strong>Clara Pechansky<\/strong><\/p>\n<p>Formato: 20<strong>cm x 28cm<\/strong><\/p>\n<p><b>CLARA PECHANSKY <\/b>(Pelotas, RS, Brasil, 1936) \u00e9 pintora, desenhista e gravadora. Bacharel em Pintura e Licenciada em Desenho e Hist\u00f3ria da Arte (UFPEL\/UFRGS), possui um s\u00f3lido conjunto de obra e um extenso curr\u00edculo, que compreende mais de 60 exposi\u00e7\u00f5es individuais e de mais de 100 participa\u00e7\u00f5es em coletivas, sal\u00f5es, bienais e trienais em diversos pa\u00edses, com pr\u00eamios internacionais em Desenho e Gravura. Atua tamb\u00e9m como produtora cultural, criando projetos que s\u00e3o realizados no Brasil e no exterior. Autora de capas de livros e ilustradora, \u00e9 tamb\u00e9m palestrante sobre Arte e temas correlatos.<\/p>\n","protected":false},"excerpt":{"rendered":"<p>Andante Serigrafia de Clara Pechansky Formato: 20cm x 28cm CLARA PECHANSKY (Pelotas, RS, Brasil, 1936) \u00e9 pintora, desenhista e gravadora. Bacharel em Pintura e Licenciada em Desenho e Hist\u00f3ria da Arte (UFPEL\/UFRGS), possui um s\u00f3lido conjunto de obra e um extenso curr\u00edculo, que compreende mais de 60 exposi\u00e7\u00f5es individuais e de mais de 100 participa\u00e7\u00f5es [&hellip;]<\/p>\n","protected":false},"featured_media":23364,"comment_status":"closed","ping_status":"closed","template":"","meta":[],"product_cat":[27,47,23],"product_tag":[],"class_list":{"0":"post-23367","1":"product","2":"type-product","3":"status-publish","4":"has-post-thumbnail","6":"product_cat-exposicoes","7":"product_cat-natal-arte-2020","8":"product_cat-serigrafia","10":"first","11":"instock","12":"shipping-taxable","13":"purchasable","14":"product-type-simple"},"_links":{"self":[{"href":"https:\/\/www.gravuragaleria.com.br\/index.php?rest_route=\/wp\/v2\/product\/23367","targetHints":{"allow":["GET"]}}],"collection":[{"href":"https:\/\/www.gravuragaleria.com.br\/index.php?rest_route=\/wp\/v2\/product"}],"about":[{"href":"https:\/\/www.gravuragaleria.com.br\/index.php?rest_route=\/wp\/v2\/types\/product"}],"replies":[{"embeddable":true,"href":"https:\/\/www.gravuragaleria.com.br\/index.php?rest_route=%2Fwp%2Fv2%2Fcomments&post=23367"}],"wp:featuredmedia":[{"embeddable":true,"href":"https:\/\/www.gravuragaleria.com.br\/index.php?rest_route=\/wp\/v2\/media\/23364"}],"wp:attachment":[{"href":"https:\/\/www.gravuragaleria.com.br\/index.php?rest_route=%2Fwp%2Fv2%2Fmedia&parent=23367"}],"wp:term":[{"taxonomy":"product_cat","embeddable":true,"href":"https:\/\/www.gravuragaleria.com.br\/index.php?rest_route=%2Fwp%2Fv2%2Fproduct_cat&post=23367"},{"taxonomy":"product_tag","embeddable":true,"href":"https:\/\/www.gravuragaleria.com.br\/index.php?rest_route=%2Fwp%2Fv2%2Fproduct_tag&post=23367"}],"curies":[{"name":"wp","href":"https:\/\/api.w.org\/{rel}","templated":true}]}}