  {"id":23347,"date":"2024-03-14T14:52:40","date_gmt":"2024-03-14T17:52:40","guid":{"rendered":"https:\/\/www.gravuragaleria.com.br\/?post_type=product&#038;p=23347"},"modified":"2024-05-20T14:42:47","modified_gmt":"2024-05-20T17:42:47","slug":"clara-pechansky","status":"publish","type":"product","link":"https:\/\/www.gravuragaleria.com.br\/?product=clara-pechansky","title":{"rendered":"Clara Pechansky"},"content":{"rendered":"<p>Serigrafia de <strong>Clara Pechansky<\/strong><\/p>\n<p>Formato: <strong>48cm x 66cm<\/strong><\/p>\n<p><b>CLARA PECHANSKY <\/b>(Pelotas, RS, Brasil, 1936) \u00e9 pintora, desenhista e gravadora. Bacharel em Pintura e Licenciada em Desenho e Hist\u00f3ria da Arte (UFPEL\/UFRGS), possui um s\u00f3lido conjunto de obra e um extenso curr\u00edculo, que compreende mais de 60 exposi\u00e7\u00f5es individuais e de mais de 100 participa\u00e7\u00f5es em coletivas, sal\u00f5es, bienais e trienais em diversos pa\u00edses, com pr\u00eamios internacionais em Desenho e Gravura. Atua tamb\u00e9m como produtora cultural, criando projetos que s\u00e3o realizados no Brasil e no exterior. Autora de capas de livros e ilustradora, \u00e9 tamb\u00e9m palestrante sobre Arte e temas correlatos.<\/p>\n","protected":false},"excerpt":{"rendered":"<p>Serigrafia de Clara Pechansky Formato: 48cm x 66cm CLARA PECHANSKY (Pelotas, RS, Brasil, 1936) \u00e9 pintora, desenhista e gravadora. Bacharel em Pintura e Licenciada em Desenho e Hist\u00f3ria da Arte (UFPEL\/UFRGS), possui um s\u00f3lido conjunto de obra e um extenso curr\u00edculo, que compreende mais de 60 exposi\u00e7\u00f5es individuais e de mais de 100 participa\u00e7\u00f5es em [&hellip;]<\/p>\n","protected":false},"featured_media":23349,"comment_status":"closed","ping_status":"closed","template":"","meta":[],"product_cat":[23],"product_tag":[],"class_list":{"0":"post-23347","1":"product","2":"type-product","3":"status-publish","4":"has-post-thumbnail","6":"product_cat-serigrafia","8":"first","9":"instock","10":"shipping-taxable","11":"purchasable","12":"product-type-simple"},"_links":{"self":[{"href":"https:\/\/www.gravuragaleria.com.br\/index.php?rest_route=\/wp\/v2\/product\/23347","targetHints":{"allow":["GET"]}}],"collection":[{"href":"https:\/\/www.gravuragaleria.com.br\/index.php?rest_route=\/wp\/v2\/product"}],"about":[{"href":"https:\/\/www.gravuragaleria.com.br\/index.php?rest_route=\/wp\/v2\/types\/product"}],"replies":[{"embeddable":true,"href":"https:\/\/www.gravuragaleria.com.br\/index.php?rest_route=%2Fwp%2Fv2%2Fcomments&post=23347"}],"wp:featuredmedia":[{"embeddable":true,"href":"https:\/\/www.gravuragaleria.com.br\/index.php?rest_route=\/wp\/v2\/media\/23349"}],"wp:attachment":[{"href":"https:\/\/www.gravuragaleria.com.br\/index.php?rest_route=%2Fwp%2Fv2%2Fmedia&parent=23347"}],"wp:term":[{"taxonomy":"product_cat","embeddable":true,"href":"https:\/\/www.gravuragaleria.com.br\/index.php?rest_route=%2Fwp%2Fv2%2Fproduct_cat&post=23347"},{"taxonomy":"product_tag","embeddable":true,"href":"https:\/\/www.gravuragaleria.com.br\/index.php?rest_route=%2Fwp%2Fv2%2Fproduct_tag&post=23347"}],"curies":[{"name":"wp","href":"https:\/\/api.w.org\/{rel}","templated":true}]}}