{"id":21429,"date":"2023-05-15T12:16:07","date_gmt":"2023-05-15T15:16:07","guid":{"rendered":"https:\/\/www.gravuragaleria.com.br\/?post_type=product&#038;p=21429"},"modified":"2024-10-09T15:33:03","modified_gmt":"2024-10-09T18:33:03","slug":"graca-hund-3","status":"publish","type":"product","link":"https:\/\/www.gravuragaleria.com.br\/?product=graca-hund-3","title":{"rendered":"Gra\u00e7a Hund"},"content":{"rendered":"<p>Escultura papel mach\u00e9 em caixa de acr\u00edlico<\/p>\n<p>30x21cm<\/p>\n<p>&nbsp;<\/p>\n","protected":false},"excerpt":{"rendered":"<p>Escultura papel mach\u00e9 em caixa de acr\u00edlico 30x21cm &nbsp;<\/p>\n","protected":false},"featured_media":21321,"comment_status":"closed","ping_status":"closed","template":"","meta":[],"product_cat":[52,117,31,27],"product_tag":[],"class_list":{"0":"post-21429","1":"product","2":"type-product","3":"status-publish","4":"has-post-thumbnail","6":"product_cat-materno-moderno-eterno","7":"product_cat-arte-salva","8":"product_cat-escultura","9":"product_cat-exposicoes","11":"first","12":"instock","13":"shipping-taxable","14":"purchasable","15":"product-type-simple"},"_links":{"self":[{"href":"https:\/\/www.gravuragaleria.com.br\/index.php?rest_route=\/wp\/v2\/product\/21429","targetHints":{"allow":["GET"]}}],"collection":[{"href":"https:\/\/www.gravuragaleria.com.br\/index.php?rest_route=\/wp\/v2\/product"}],"about":[{"href":"https:\/\/www.gravuragaleria.com.br\/index.php?rest_route=\/wp\/v2\/types\/product"}],"replies":[{"embeddable":true,"href":"https:\/\/www.gravuragaleria.com.br\/index.php?rest_route=%2Fwp%2Fv2%2Fcomments&post=21429"}],"wp:featuredmedia":[{"embeddable":true,"href":"https:\/\/www.gravuragaleria.com.br\/index.php?rest_route=\/wp\/v2\/media\/21321"}],"wp:attachment":[{"href":"https:\/\/www.gravuragaleria.com.br\/index.php?rest_route=%2Fwp%2Fv2%2Fmedia&parent=21429"}],"wp:term":[{"taxonomy":"product_cat","embeddable":true,"href":"https:\/\/www.gravuragaleria.com.br\/index.php?rest_route=%2Fwp%2Fv2%2Fproduct_cat&post=21429"},{"taxonomy":"product_tag","embeddable":true,"href":"https:\/\/www.gravuragaleria.com.br\/index.php?rest_route=%2Fwp%2Fv2%2Fproduct_tag&post=21429"}],"curies":[{"name":"wp","href":"https:\/\/api.w.org\/{rel}","templated":true}]}}