{"id":13176,"date":"2020-10-26T16:49:48","date_gmt":"2020-10-26T19:49:48","guid":{"rendered":"http:\/\/www.gravuragaleria.com.br\/?post_type=product&#038;p=13176"},"modified":"2023-09-18T16:56:29","modified_gmt":"2023-09-18T19:56:29","slug":"clara-pechansky-10","status":"publish","type":"product","link":"https:\/\/www.gravuragaleria.com.br\/?product=clara-pechansky-10","title":{"rendered":"Clara Pechansky"},"content":{"rendered":"<p>Acr\u00edlica s\/ tela 80x100cm<\/p>\n","protected":false},"excerpt":{"rendered":"<p><strong>CLARA PECHANSKY &#8211; <\/strong>Desenhista, pintora e gravadora. Pelotas, RS, 1936. Concluiu estudos em 1956 na Escola de Belas Artes de Pelotas. Em 1957 transfere-se para Porto Alegre e trabalha no atelier de Aldo Locatelli, estudando pintura e composi\u00e7\u00e3o. Em 1958 estuda pintura com Bianchetti, e Glauco Rodrigues e xilogravura com Stockinger. Sua primeira individual foi na livraria Leonardo da Vinci, Porto Alegre, 1959. Foi capista e ilustradora da Editora Globo. Profissional atuante, participa de mostras individuais e coletivas no Brasil e no exteiror. Em 2004 exp\u00f4s individualmente na <strong>Galeria Gravura<\/strong>, Porto Alegre\/RS. Tamb\u00e9m \u00e9 uma das artistas que participa da Exposi\u00e7\u00e3o Prova do Artista em comemora\u00e7\u00e3o ao Mirabolante Circuito &#8211; Galerias de Arte de Porto Alegre.<\/p>\n","protected":false},"featured_media":13177,"comment_status":"closed","ping_status":"closed","template":"","meta":[],"product_cat":[44,27,29],"product_tag":[],"class_list":{"0":"post-13176","1":"product","2":"type-product","3":"status-publish","4":"has-post-thumbnail","6":"product_cat-atlantida-arte-2021","7":"product_cat-exposicoes","8":"product_cat-pintura","10":"first","11":"instock","12":"shipping-taxable","13":"purchasable","14":"product-type-simple"},"_links":{"self":[{"href":"https:\/\/www.gravuragaleria.com.br\/index.php?rest_route=\/wp\/v2\/product\/13176","targetHints":{"allow":["GET"]}}],"collection":[{"href":"https:\/\/www.gravuragaleria.com.br\/index.php?rest_route=\/wp\/v2\/product"}],"about":[{"href":"https:\/\/www.gravuragaleria.com.br\/index.php?rest_route=\/wp\/v2\/types\/product"}],"replies":[{"embeddable":true,"href":"https:\/\/www.gravuragaleria.com.br\/index.php?rest_route=%2Fwp%2Fv2%2Fcomments&post=13176"}],"wp:featuredmedia":[{"embeddable":true,"href":"https:\/\/www.gravuragaleria.com.br\/index.php?rest_route=\/wp\/v2\/media\/13177"}],"wp:attachment":[{"href":"https:\/\/www.gravuragaleria.com.br\/index.php?rest_route=%2Fwp%2Fv2%2Fmedia&parent=13176"}],"wp:term":[{"taxonomy":"product_cat","embeddable":true,"href":"https:\/\/www.gravuragaleria.com.br\/index.php?rest_route=%2Fwp%2Fv2%2Fproduct_cat&post=13176"},{"taxonomy":"product_tag","embeddable":true,"href":"https:\/\/www.gravuragaleria.com.br\/index.php?rest_route=%2Fwp%2Fv2%2Fproduct_tag&post=13176"}],"curies":[{"name":"wp","href":"https:\/\/api.w.org\/{rel}","templated":true}]}}