{"id":12889,"date":"2020-09-10T11:32:17","date_gmt":"2020-09-10T14:32:17","guid":{"rendered":"http:\/\/www.gravuragaleria.com.br\/?post_type=product&#038;p=12889"},"modified":"2024-11-12T11:38:16","modified_gmt":"2024-11-12T14:38:16","slug":"lou-borguetti","status":"publish","type":"product","link":"https:\/\/www.gravuragaleria.com.br\/?product=lou-borguetti","title":{"rendered":"Lou Borguetti"},"content":{"rendered":"<p>&#8220;Composi\u00e7\u00e3o em Cubos&#8221;<\/p>\n<p>Acr\u00edlica s\/ tela<\/p>\n<p>90x140cm<\/p>\n","protected":false},"excerpt":{"rendered":"<p>&#8220;Composi\u00e7\u00e3o em Cubos&#8221; Acr\u00edlica s\/ tela 90x140cm<\/p>\n","protected":false},"featured_media":12869,"comment_status":"closed","ping_status":"closed","template":"","meta":[],"product_cat":[41,27,106,29],"product_tag":[],"class_list":{"0":"post-12889","1":"product","2":"type-product","3":"status-publish","4":"has-post-thumbnail","6":"product_cat-check-in-com-arte-2020","7":"product_cat-exposicoes","8":"product_cat-lou-alunas","9":"product_cat-pintura","11":"first","12":"instock","13":"shipping-taxable","14":"purchasable","15":"product-type-simple"},"_links":{"self":[{"href":"https:\/\/www.gravuragaleria.com.br\/index.php?rest_route=\/wp\/v2\/product\/12889","targetHints":{"allow":["GET"]}}],"collection":[{"href":"https:\/\/www.gravuragaleria.com.br\/index.php?rest_route=\/wp\/v2\/product"}],"about":[{"href":"https:\/\/www.gravuragaleria.com.br\/index.php?rest_route=\/wp\/v2\/types\/product"}],"replies":[{"embeddable":true,"href":"https:\/\/www.gravuragaleria.com.br\/index.php?rest_route=%2Fwp%2Fv2%2Fcomments&post=12889"}],"wp:featuredmedia":[{"embeddable":true,"href":"https:\/\/www.gravuragaleria.com.br\/index.php?rest_route=\/wp\/v2\/media\/12869"}],"wp:attachment":[{"href":"https:\/\/www.gravuragaleria.com.br\/index.php?rest_route=%2Fwp%2Fv2%2Fmedia&parent=12889"}],"wp:term":[{"taxonomy":"product_cat","embeddable":true,"href":"https:\/\/www.gravuragaleria.com.br\/index.php?rest_route=%2Fwp%2Fv2%2Fproduct_cat&post=12889"},{"taxonomy":"product_tag","embeddable":true,"href":"https:\/\/www.gravuragaleria.com.br\/index.php?rest_route=%2Fwp%2Fv2%2Fproduct_tag&post=12889"}],"curies":[{"name":"wp","href":"https:\/\/api.w.org\/{rel}","templated":true}]}}