{"id":12734,"date":"2020-09-01T15:30:14","date_gmt":"2020-09-01T18:30:14","guid":{"rendered":"http:\/\/www.gravuragaleria.com.br\/?post_type=product&#038;p=12734"},"modified":"2020-09-01T16:57:52","modified_gmt":"2020-09-01T19:57:52","slug":"joao-carlos-bento-19","status":"publish","type":"product","link":"https:\/\/www.gravuragaleria.com.br\/?product=joao-carlos-bento-19","title":{"rendered":"Jo\u00e3o Carlos Bento"},"content":{"rendered":"<p>Acr\u00edlica s\/ tela<\/p>\n<p>30x30cm<\/p>\n","protected":false},"excerpt":{"rendered":"<p>Jo\u00e3o Carlos Leal Marques Bento nasceu em Porto Alegre em 1951. Cursou Arquitetura na UNISINOS; Concluiu os cursos de fotografia Cine Foto de Montevid\u00e9u UFRGS; Curso Pintura a Guache Schaeffer UFRGS; Curso de Artes Pl\u00e1sticas UFRGS; Curso de Arquitetura UFRGS; Curso de Paisagismo IAB-RS; Curso Design Italiano, SP. Participou de diversas mostras, exposi\u00e7\u00f5es e concursos em Porto Alegre, S\u00e3o Leopoldo, Gramado e S\u00e3o Paulo.<\/p>\n","protected":false},"featured_media":12727,"comment_status":"closed","ping_status":"closed","template":"","meta":[],"product_cat":[27,38,29],"product_tag":[],"class_list":{"0":"post-12734","1":"product","2":"type-product","3":"status-publish","4":"has-post-thumbnail","6":"product_cat-exposicoes","7":"product_cat-joaocarlosbento","8":"product_cat-pintura","10":"first","11":"instock","12":"shipping-taxable","13":"purchasable","14":"product-type-simple"},"_links":{"self":[{"href":"https:\/\/www.gravuragaleria.com.br\/index.php?rest_route=\/wp\/v2\/product\/12734","targetHints":{"allow":["GET"]}}],"collection":[{"href":"https:\/\/www.gravuragaleria.com.br\/index.php?rest_route=\/wp\/v2\/product"}],"about":[{"href":"https:\/\/www.gravuragaleria.com.br\/index.php?rest_route=\/wp\/v2\/types\/product"}],"replies":[{"embeddable":true,"href":"https:\/\/www.gravuragaleria.com.br\/index.php?rest_route=%2Fwp%2Fv2%2Fcomments&post=12734"}],"wp:featuredmedia":[{"embeddable":true,"href":"https:\/\/www.gravuragaleria.com.br\/index.php?rest_route=\/wp\/v2\/media\/12727"}],"wp:attachment":[{"href":"https:\/\/www.gravuragaleria.com.br\/index.php?rest_route=%2Fwp%2Fv2%2Fmedia&parent=12734"}],"wp:term":[{"taxonomy":"product_cat","embeddable":true,"href":"https:\/\/www.gravuragaleria.com.br\/index.php?rest_route=%2Fwp%2Fv2%2Fproduct_cat&post=12734"},{"taxonomy":"product_tag","embeddable":true,"href":"https:\/\/www.gravuragaleria.com.br\/index.php?rest_route=%2Fwp%2Fv2%2Fproduct_tag&post=12734"}],"curies":[{"name":"wp","href":"https:\/\/api.w.org\/{rel}","templated":true}]}}