{"id":12702,"date":"2020-09-01T14:56:36","date_gmt":"2020-09-01T17:56:36","guid":{"rendered":"http:\/\/www.gravuragaleria.com.br\/?post_type=product&#038;p=12702"},"modified":"2024-03-12T11:40:44","modified_gmt":"2024-03-12T14:40:44","slug":"joao-carlos-bento-10","status":"publish","type":"product","link":"https:\/\/www.gravuragaleria.com.br\/?product=joao-carlos-bento-10","title":{"rendered":"Jo\u00e3o Carlos Bento"},"content":{"rendered":"<p>Acr\u00edlica s\/ tela<\/p>\n<p>50x30cm<\/p>\n","protected":false},"excerpt":{"rendered":"<p>Jo\u00e3o Carlos Leal Marques Bento nasceu em Porto Alegre em 1951. Cursou Arquitetura na UNISINOS; Concluiu os cursos de fotografia Cine Foto de Montevid\u00e9u UFRGS; Curso Pintura a Guache Schaeffer UFRGS; Curso de Artes Pl\u00e1sticas UFRGS; Curso de Arquitetura UFRGS; Curso de Paisagismo IAB-RS; Curso Design Italiano, SP. Participou de diversas mostras, exposi\u00e7\u00f5es e concursos em Porto Alegre, S\u00e3o Leopoldo, Gramado e S\u00e3o Paulo.<\/p>\n","protected":false},"featured_media":12703,"comment_status":"closed","ping_status":"closed","template":"","meta":[],"product_cat":[27,38,94,29],"product_tag":[],"class_list":{"0":"post-12702","1":"product","2":"type-product","3":"status-publish","4":"has-post-thumbnail","6":"product_cat-exposicoes","7":"product_cat-joaocarlosbento","8":"product_cat-natal-arte-2022","9":"product_cat-pintura","11":"first","12":"instock","13":"shipping-taxable","14":"purchasable","15":"product-type-simple"},"_links":{"self":[{"href":"https:\/\/www.gravuragaleria.com.br\/index.php?rest_route=\/wp\/v2\/product\/12702","targetHints":{"allow":["GET"]}}],"collection":[{"href":"https:\/\/www.gravuragaleria.com.br\/index.php?rest_route=\/wp\/v2\/product"}],"about":[{"href":"https:\/\/www.gravuragaleria.com.br\/index.php?rest_route=\/wp\/v2\/types\/product"}],"replies":[{"embeddable":true,"href":"https:\/\/www.gravuragaleria.com.br\/index.php?rest_route=%2Fwp%2Fv2%2Fcomments&post=12702"}],"wp:featuredmedia":[{"embeddable":true,"href":"https:\/\/www.gravuragaleria.com.br\/index.php?rest_route=\/wp\/v2\/media\/12703"}],"wp:attachment":[{"href":"https:\/\/www.gravuragaleria.com.br\/index.php?rest_route=%2Fwp%2Fv2%2Fmedia&parent=12702"}],"wp:term":[{"taxonomy":"product_cat","embeddable":true,"href":"https:\/\/www.gravuragaleria.com.br\/index.php?rest_route=%2Fwp%2Fv2%2Fproduct_cat&post=12702"},{"taxonomy":"product_tag","embeddable":true,"href":"https:\/\/www.gravuragaleria.com.br\/index.php?rest_route=%2Fwp%2Fv2%2Fproduct_tag&post=12702"}],"curies":[{"name":"wp","href":"https:\/\/api.w.org\/{rel}","templated":true}]}}