{"id":12506,"date":"2020-08-11T16:11:00","date_gmt":"2020-08-11T19:11:00","guid":{"rendered":"http:\/\/www.gravuragaleria.com.br\/?post_type=product&#038;p=12506"},"modified":"2022-11-09T16:10:59","modified_gmt":"2022-11-09T19:10:59","slug":"biba-mattos-2","status":"publish","type":"product","link":"https:\/\/www.gravuragaleria.com.br\/?product=biba-mattos-2","title":{"rendered":"Biba Mattos"},"content":{"rendered":"<p>Escultura em bronze com base em granito &#8211; 20x8x7cm<\/p>\n<p>&nbsp;<\/p>\n<p>FORMA E CONTE\u00daDO<br \/>\nAs esculturas de Biba Mattos apresentam, j\u00e1 ao primeiro olhar, harmonia e eleg\u00e2ncia formal que nos atraem e encantam, raz\u00e3o pela qual alcan\u00e7aram o gosto dos colecionadores. Elas s\u00e3o constitu\u00eddas, as vezes por linhas tang\u00edveis, gene do classicismo, outras por contornos indefinidos chegando a lhes conferir um trato escultural pict\u00f3rico que as remetem a uma t\u00eanue ascend\u00eancia barroca no que diz respeito a este quesito, embora sejam, formalmente, esculturas inseridas na arte atual, em que o senso est\u00e9tico da artista prepondera \u00e0 inten\u00e7\u00e3o da figura\u00e7\u00e3o realista com s\u00edntese de volumes e descompromisso com o mundo real. E, justamente, este caminhar um pouco pela linearidade cl\u00e1ssica, um pouco pelo barroco, e muito pela intui\u00e7\u00e3o auto did\u00e1tica \u00e9 que torna a sua escultura \u00fanica, com estilo bem pessoal.<br \/>\nBiba Mattos consegue, com maestria, conferir uma linguagem subjacente em seu trabalho para transmitir ao espectador o seu sentimento no momento da cria\u00e7\u00e3o. E aqui est\u00e1 o que h\u00e1 de mais admir\u00e1vel na sua obra. A sua escultura n\u00e3o \u00e9 apenas um objeto bonito. H\u00e1 uma ideia, um pensamento anterior da autora que a originou. E este pensamento n\u00e3o \u00e9 adstrito apenas a sua forma. Ali\u00e1s, todo o objeto feito pela m\u00e3o humana, desde o mais singelo at\u00e9 a mais elaborada obra de arte, tem por tr\u00e1s dele um pensamento, uma inten\u00e7\u00e3o. \u00c9 o que diferencia a obra humana da obra da natureza, como disse Heguel. O pensamento de Biba Mattos vai al\u00e9m da ideia da concep\u00e7\u00e3o: chega \u00e0 subjetividade da manifesta\u00e7\u00e3o da alma. \u00c9 a concretiza\u00e7\u00e3o de um sentimento, bem como intencionava Rodin. Arte verdadeira! Forma com conte\u00fado! Cada escultura dela nos fala. Nos insinua, com sua muda linguagem, o sentimento da artista. E, assim, encerra o admir\u00e1vel ciclo que s\u00f3 a verdadeira obra de arte \u00e9 capaz: a intera\u00e7\u00e3o entre autor e espectador que sente o que o artista sentiu.<br \/>\nPor estas raz\u00f5es e acrescido da eleg\u00e2ncia formal, as esculturas de Biba Mattos s\u00e3o consagradas a ponto de serem solicitadas para trof\u00e9us em v\u00e1rios seguimentos empresariais e culturais. Um trof\u00e9u carrega em si sempre o elemento subjetivo da inten\u00e7\u00e3o aplicada ao seu fim. Al\u00e9m de tudo, as esculturas de Biba Mattos irradiam otimismo, ingrediente t\u00e3o necess\u00e1rio nos dias de hoje.<br \/>\nErico Santos, 20 de outubro de 2020.<\/p>\n<p>&nbsp;<\/p>\n<p>&nbsp;<\/p>\n","protected":false},"excerpt":{"rendered":"<p>&nbsp;<\/p>\n<p>BIBA MATTOS<\/p>\n<p>Biba Mattos \u00e9 natural de S\u00e3o Paulo e radicada em Porto Alegre. Inicia suas atividades art\u00edsticas como autodidata em 1974. Cursa Hist\u00f3ria da Arte, Desenho, Pintura e T\u00e9cnicas Pict\u00f3ricas no Atelier Livre de Porto Alegre. Cursa Litografia e Escultura com Dan\u00fabio Gon\u00e7alves.<\/p>\n<p>Realizou diversas exposi\u00e7\u00f5es individuais e coletivas em Porto Alegre, Pelotas, Alegrete, S\u00e3o Paulo e Rio de Janeiro.<\/p>\n<p>Suas obras est\u00e3o nos acervos de diversos museus e entidades como Museu de Assis SP, MARGS entre outros.<\/p>\n<p>Participou de sal\u00f5es como o V Sal\u00e3o de Artes Pl\u00e1sticas Brasil\/Jap\u00e3o entre outros.<\/p>\n","protected":false},"featured_media":12508,"comment_status":"closed","ping_status":"closed","template":"","meta":[],"product_cat":[31,73],"product_tag":[],"class_list":{"0":"post-12506","1":"product","2":"type-product","3":"status-publish","4":"has-post-thumbnail","6":"product_cat-escultura","7":"product_cat-materno-moderno-e-eterno-2022","9":"first","10":"instock","11":"shipping-taxable","12":"purchasable","13":"product-type-simple"},"_links":{"self":[{"href":"https:\/\/www.gravuragaleria.com.br\/index.php?rest_route=\/wp\/v2\/product\/12506","targetHints":{"allow":["GET"]}}],"collection":[{"href":"https:\/\/www.gravuragaleria.com.br\/index.php?rest_route=\/wp\/v2\/product"}],"about":[{"href":"https:\/\/www.gravuragaleria.com.br\/index.php?rest_route=\/wp\/v2\/types\/product"}],"replies":[{"embeddable":true,"href":"https:\/\/www.gravuragaleria.com.br\/index.php?rest_route=%2Fwp%2Fv2%2Fcomments&post=12506"}],"wp:featuredmedia":[{"embeddable":true,"href":"https:\/\/www.gravuragaleria.com.br\/index.php?rest_route=\/wp\/v2\/media\/12508"}],"wp:attachment":[{"href":"https:\/\/www.gravuragaleria.com.br\/index.php?rest_route=%2Fwp%2Fv2%2Fmedia&parent=12506"}],"wp:term":[{"taxonomy":"product_cat","embeddable":true,"href":"https:\/\/www.gravuragaleria.com.br\/index.php?rest_route=%2Fwp%2Fv2%2Fproduct_cat&post=12506"},{"taxonomy":"product_tag","embeddable":true,"href":"https:\/\/www.gravuragaleria.com.br\/index.php?rest_route=%2Fwp%2Fv2%2Fproduct_tag&post=12506"}],"curies":[{"name":"wp","href":"https:\/\/api.w.org\/{rel}","templated":true}]}}