{"id":12487,"date":"2020-08-11T15:41:23","date_gmt":"2020-08-11T18:41:23","guid":{"rendered":"http:\/\/www.gravuragaleria.com.br\/?post_type=product&#038;p=12487"},"modified":"2023-09-04T14:56:01","modified_gmt":"2023-09-04T17:56:01","slug":"breno-nora","status":"publish","type":"product","link":"https:\/\/www.gravuragaleria.com.br\/?product=breno-nora","title":{"rendered":"Breno Nora"},"content":{"rendered":"<p>Escultura em bronze com p\u00e1tina verde &#8211; 11x5x2cm<\/p>\n<p>&nbsp;<\/p>\n<p>&nbsp;<\/p>\n<p>&nbsp;<\/p>\n","protected":false},"excerpt":{"rendered":"<p>BRENO NORA, Caxias do Sul, 1937-2013. Autodidata, aprimorou seu trabalho em escultura no atelier onde conviveu com Francisco Stockinger e Eloisa Tregnago, trabalhando em terracota, pedra, desenho e modelagem; Estudou escultura em cer\u00e2mica e modelagem, cunhagem e formas com Maia; Cer\u00e2mica, escultura, formas cunhagem e texturas cm Silvio Sheuca; na Usina do Bronze com Prof. Altair Tanena, estudou Fundi\u00e7\u00e3o Tradicional e Fundi\u00e7\u00e3o em C\u00eara Perdida; Desenho da Figura Humana com Pl\u00ednio Bernhardt no MARGS; Atelier Livre da Prefeitura Municipal de Porto Alegre estudou com Suzana Gonzales Campozani, Deysi Viola; Eleonora Fabris; Solange Vignoli; D\u00e9bora Spalter. Participou do XI Festival de Arte Cidade Porto Alegre onde fez cursos com Edith Derdyk(SP); Alice Yamamura(Curitiba); Silvia Etchegoyer(Buenos Aires \u2013 Argentina).<br \/>\nRealizou diversas exposi\u00e7\u00f5es individuais e coletivas em Porto Alegre, Londrina\/PR,<br \/>\nAlegrete\/RS; Caxias do Sul\/RS; Nova Petr\u00f3polis\/RS; Atl\u00e2ntida-Xangri-L\u00e1\/RS; Novo Hamburgo\/RS.<\/p>\n","protected":false},"featured_media":12488,"comment_status":"closed","ping_status":"closed","template":"","meta":[],"product_cat":[31],"product_tag":[],"class_list":{"0":"post-12487","1":"product","2":"type-product","3":"status-publish","4":"has-post-thumbnail","6":"product_cat-escultura","8":"first","9":"instock","10":"shipping-taxable","11":"purchasable","12":"product-type-simple"},"_links":{"self":[{"href":"https:\/\/www.gravuragaleria.com.br\/index.php?rest_route=\/wp\/v2\/product\/12487","targetHints":{"allow":["GET"]}}],"collection":[{"href":"https:\/\/www.gravuragaleria.com.br\/index.php?rest_route=\/wp\/v2\/product"}],"about":[{"href":"https:\/\/www.gravuragaleria.com.br\/index.php?rest_route=\/wp\/v2\/types\/product"}],"replies":[{"embeddable":true,"href":"https:\/\/www.gravuragaleria.com.br\/index.php?rest_route=%2Fwp%2Fv2%2Fcomments&post=12487"}],"wp:featuredmedia":[{"embeddable":true,"href":"https:\/\/www.gravuragaleria.com.br\/index.php?rest_route=\/wp\/v2\/media\/12488"}],"wp:attachment":[{"href":"https:\/\/www.gravuragaleria.com.br\/index.php?rest_route=%2Fwp%2Fv2%2Fmedia&parent=12487"}],"wp:term":[{"taxonomy":"product_cat","embeddable":true,"href":"https:\/\/www.gravuragaleria.com.br\/index.php?rest_route=%2Fwp%2Fv2%2Fproduct_cat&post=12487"},{"taxonomy":"product_tag","embeddable":true,"href":"https:\/\/www.gravuragaleria.com.br\/index.php?rest_route=%2Fwp%2Fv2%2Fproduct_tag&post=12487"}],"curies":[{"name":"wp","href":"https:\/\/api.w.org\/{rel}","templated":true}]}}