{"id":12423,"date":"2020-08-02T14:39:20","date_gmt":"2020-08-02T17:39:20","guid":{"rendered":"http:\/\/www.gravuragaleria.com.br\/?post_type=product&#038;p=12423"},"modified":"2025-03-28T11:39:04","modified_gmt":"2025-03-28T14:39:04","slug":"tita-macedo","status":"publish","type":"product","link":"https:\/\/www.gravuragaleria.com.br\/?product=tita-macedo","title":{"rendered":"Tita Macedo"},"content":{"rendered":"<p>T\u00e9cnica mista sobre tela<\/p>\n<p>Dimens\u00f5es: 70 x 50 cm<\/p>\n<p>T\u00edtulo: Barreira Po\u00e9tica<\/p>\n<p>TIM 0022<\/p>\n","protected":false},"excerpt":{"rendered":"<p>A carreira art\u00edstica de Tita Macedo se inicia ainda muito jovem,\u00a0tendo estudado desenho na Sociedade Brasileira de Belas Artes no Rio de Janeiro, em 1975. Desde ent\u00e3o seu interesse<br \/>\nn\u00e3o cessou e a necessidade de sempre se aperfei\u00e7ar a acompanha e inquieta. Frequentou o Atelier Livre da Prefeitura de Porto Alegre, estudou: Pintura com Lou Borghetti (por mais de<br \/>\n13 anos) e Hist\u00f3ria da Arte com Tania Bian, Jailson Moreira e\u00a0e Maria Helena Bernardes. Para desenvolver o desenho fez\u00a0aulas com H\u00f4 Monteiro, Fabriano Rocha e Gustavot Diaz. No<br \/>\nintuito de aflorar sua percep\u00e7\u00e3o inovadora tamb\u00e9m participou do Laborat\u00f3rio de Cria\u00e7\u00e3o com Ana Flavia Baldisserotto.<br \/>\nAtualmente estuda Pintura com Fernando Baril e Fun\u00e7\u00e3o\u00a0Po\u00e9tica com Ricardo Silvestrim.<\/p>\n<p>&nbsp;<\/p>\n","protected":false},"featured_media":23769,"comment_status":"closed","ping_status":"closed","template":"","meta":[],"product_cat":[117,121,27,29,35],"product_tag":[],"class_list":{"0":"post-12423","1":"product","2":"type-product","3":"status-publish","4":"has-post-thumbnail","6":"product_cat-arte-salva","7":"product_cat-artsale-2024","8":"product_cat-exposicoes","9":"product_cat-pintura","10":"product_cat-tecnica-mista","12":"first","13":"instock","14":"shipping-taxable","15":"purchasable","16":"product-type-simple"},"_links":{"self":[{"href":"https:\/\/www.gravuragaleria.com.br\/index.php?rest_route=\/wp\/v2\/product\/12423","targetHints":{"allow":["GET"]}}],"collection":[{"href":"https:\/\/www.gravuragaleria.com.br\/index.php?rest_route=\/wp\/v2\/product"}],"about":[{"href":"https:\/\/www.gravuragaleria.com.br\/index.php?rest_route=\/wp\/v2\/types\/product"}],"replies":[{"embeddable":true,"href":"https:\/\/www.gravuragaleria.com.br\/index.php?rest_route=%2Fwp%2Fv2%2Fcomments&post=12423"}],"wp:featuredmedia":[{"embeddable":true,"href":"https:\/\/www.gravuragaleria.com.br\/index.php?rest_route=\/wp\/v2\/media\/23769"}],"wp:attachment":[{"href":"https:\/\/www.gravuragaleria.com.br\/index.php?rest_route=%2Fwp%2Fv2%2Fmedia&parent=12423"}],"wp:term":[{"taxonomy":"product_cat","embeddable":true,"href":"https:\/\/www.gravuragaleria.com.br\/index.php?rest_route=%2Fwp%2Fv2%2Fproduct_cat&post=12423"},{"taxonomy":"product_tag","embeddable":true,"href":"https:\/\/www.gravuragaleria.com.br\/index.php?rest_route=%2Fwp%2Fv2%2Fproduct_tag&post=12423"}],"curies":[{"name":"wp","href":"https:\/\/api.w.org\/{rel}","templated":true}]}}