{"id":12233,"date":"2020-07-30T16:31:34","date_gmt":"2020-07-30T19:31:34","guid":{"rendered":"http:\/\/www.gravuragaleria.com.br\/?post_type=product&#038;p=12233"},"modified":"2020-07-31T14:30:28","modified_gmt":"2020-07-31T17:30:28","slug":"claudia-porto","status":"publish","type":"product","link":"https:\/\/www.gravuragaleria.com.br\/?product=claudia-porto","title":{"rendered":"Cl\u00e1udia Porto"},"content":{"rendered":"<p>CLAP 01 &#8211; Pintura acr\u00edlica sobre tela 60x80cm<\/p>\n<p>T\u00edtulo: Reconectar<\/p>\n","protected":false},"excerpt":{"rendered":"<p>Para estimular a criatividade dos artistas durante o per\u00edodo de distanciamento social, a Gravura Galeria de Arte lan\u00e7ou o projeto ConfinArt. O objetivo foi provocar a imagina\u00e7\u00e3o na cria\u00e7\u00e3o de uma obra de arte que refletisse sobre a crise atual com a mensagem: tudo passa, a arte fica. Inicialmente, o projeto foi uma exposi\u00e7\u00e3o virtual que teve grande aceita\u00e7\u00e3o dos mais de 60 artistas que conseguiram exibir suas cria\u00e7\u00f5es atrav\u00e9s das redes sociais da galeria.<\/p>\n<p>Agora, a Gravura convidou os 66 artistas para a exposi\u00e7\u00e3o real na galeria onde ser\u00e3o apresentadas as obras em diferentes t\u00e9cnicas como desenhos, gravuras, pinturas e esculturas. Parte da renda da mostra ser\u00e1 revertida ao projeto Arquitetos Volunt\u00e1rios.<\/p>\n","protected":false},"featured_media":12236,"comment_status":"closed","ping_status":"closed","template":"","meta":[],"product_cat":[28,27,29],"product_tag":[],"class_list":{"0":"post-12233","1":"product","2":"type-product","3":"status-publish","4":"has-post-thumbnail","6":"product_cat-confinart","7":"product_cat-exposicoes","8":"product_cat-pintura","10":"first","11":"instock","12":"shipping-taxable","13":"purchasable","14":"product-type-simple"},"_links":{"self":[{"href":"https:\/\/www.gravuragaleria.com.br\/index.php?rest_route=\/wp\/v2\/product\/12233","targetHints":{"allow":["GET"]}}],"collection":[{"href":"https:\/\/www.gravuragaleria.com.br\/index.php?rest_route=\/wp\/v2\/product"}],"about":[{"href":"https:\/\/www.gravuragaleria.com.br\/index.php?rest_route=\/wp\/v2\/types\/product"}],"replies":[{"embeddable":true,"href":"https:\/\/www.gravuragaleria.com.br\/index.php?rest_route=%2Fwp%2Fv2%2Fcomments&post=12233"}],"wp:featuredmedia":[{"embeddable":true,"href":"https:\/\/www.gravuragaleria.com.br\/index.php?rest_route=\/wp\/v2\/media\/12236"}],"wp:attachment":[{"href":"https:\/\/www.gravuragaleria.com.br\/index.php?rest_route=%2Fwp%2Fv2%2Fmedia&parent=12233"}],"wp:term":[{"taxonomy":"product_cat","embeddable":true,"href":"https:\/\/www.gravuragaleria.com.br\/index.php?rest_route=%2Fwp%2Fv2%2Fproduct_cat&post=12233"},{"taxonomy":"product_tag","embeddable":true,"href":"https:\/\/www.gravuragaleria.com.br\/index.php?rest_route=%2Fwp%2Fv2%2Fproduct_tag&post=12233"}],"curies":[{"name":"wp","href":"https:\/\/api.w.org\/{rel}","templated":true}]}}