{"id":12211,"date":"2020-07-30T15:28:26","date_gmt":"2020-07-30T18:28:26","guid":{"rendered":"http:\/\/www.gravuragaleria.com.br\/?post_type=product&#038;p=12211"},"modified":"2020-07-31T14:51:32","modified_gmt":"2020-07-31T17:51:32","slug":"benno-pferscher","status":"publish","type":"product","link":"https:\/\/www.gravuragaleria.com.br\/?product=benno-pferscher","title":{"rendered":"Benno Pferscher"},"content":{"rendered":"<p>BPF 0183 &#8211; Pintura sobre tela 100x50cm<\/p>\n","protected":false},"excerpt":{"rendered":"<p>Para estimular a criatividade dos artistas durante o per\u00edodo de distanciamento social, a Gravura Galeria de Arte lan\u00e7ou o projeto ConfinArt. O objetivo foi provocar a imagina\u00e7\u00e3o na cria\u00e7\u00e3o de uma obra de arte que refletisse sobre a crise atual com a mensagem: tudo passa, a arte fica. Inicialmente, o projeto foi uma exposi\u00e7\u00e3o virtual que teve grande aceita\u00e7\u00e3o dos mais de 60 artistas que conseguiram exibir suas cria\u00e7\u00f5es atrav\u00e9s das redes sociais da galeria.<\/p>\n<p>Agora, a Gravura convidou os 66 artistas para a exposi\u00e7\u00e3o real na galeria onde ser\u00e3o apresentadas as obras em diferentes t\u00e9cnicas como desenhos, gravuras, pinturas e esculturas. Parte da renda da mostra ser\u00e1 revertida ao projeto Arquitetos Volunt\u00e1rios.<\/p>\n","protected":false},"featured_media":12214,"comment_status":"closed","ping_status":"closed","template":"","meta":[],"product_cat":[28,27,29],"product_tag":[],"class_list":{"0":"post-12211","1":"product","2":"type-product","3":"status-publish","4":"has-post-thumbnail","6":"product_cat-confinart","7":"product_cat-exposicoes","8":"product_cat-pintura","10":"first","11":"instock","12":"shipping-taxable","13":"purchasable","14":"product-type-simple"},"_links":{"self":[{"href":"https:\/\/www.gravuragaleria.com.br\/index.php?rest_route=\/wp\/v2\/product\/12211","targetHints":{"allow":["GET"]}}],"collection":[{"href":"https:\/\/www.gravuragaleria.com.br\/index.php?rest_route=\/wp\/v2\/product"}],"about":[{"href":"https:\/\/www.gravuragaleria.com.br\/index.php?rest_route=\/wp\/v2\/types\/product"}],"replies":[{"embeddable":true,"href":"https:\/\/www.gravuragaleria.com.br\/index.php?rest_route=%2Fwp%2Fv2%2Fcomments&post=12211"}],"wp:featuredmedia":[{"embeddable":true,"href":"https:\/\/www.gravuragaleria.com.br\/index.php?rest_route=\/wp\/v2\/media\/12214"}],"wp:attachment":[{"href":"https:\/\/www.gravuragaleria.com.br\/index.php?rest_route=%2Fwp%2Fv2%2Fmedia&parent=12211"}],"wp:term":[{"taxonomy":"product_cat","embeddable":true,"href":"https:\/\/www.gravuragaleria.com.br\/index.php?rest_route=%2Fwp%2Fv2%2Fproduct_cat&post=12211"},{"taxonomy":"product_tag","embeddable":true,"href":"https:\/\/www.gravuragaleria.com.br\/index.php?rest_route=%2Fwp%2Fv2%2Fproduct_tag&post=12211"}],"curies":[{"name":"wp","href":"https:\/\/api.w.org\/{rel}","templated":true}]}}