{"id":11921,"date":"2020-07-03T15:49:13","date_gmt":"2020-07-03T18:49:13","guid":{"rendered":"http:\/\/www.gravuragaleria.com.br\/?post_type=product&#038;p=11921"},"modified":"2023-09-14T16:09:57","modified_gmt":"2023-09-14T19:09:57","slug":"clara-pechansky-andante","status":"publish","type":"product","link":"https:\/\/www.gravuragaleria.com.br\/?product=clara-pechansky-andante","title":{"rendered":"Clara Pechansky &#8211; Andante"},"content":{"rendered":"<h3>Andante<\/h3>\n<p>Serigrafia de <strong>Clara Pechansky<\/strong><\/p>\n<p>Formato: <strong>33cm x 24cm<\/strong><\/p>\n<p><b>CLARA PECHANSKY <\/b>(Pelotas, RS, Brasil, 1936) \u00e9 pintora, desenhista e gravadora. Bacharel em Pintura e Licenciada em Desenho e Hist\u00f3ria da Arte (UFPEL\/UFRGS), possui um s\u00f3lido conjunto de obra e um extenso curr\u00edculo, que compreende mais de 60 exposi\u00e7\u00f5es individuais e de mais de 100 participa\u00e7\u00f5es em coletivas, sal\u00f5es, bienais e trienais em diversos pa\u00edses, com pr\u00eamios internacionais em Desenho e Gravura. Atua tamb\u00e9m como produtora cultural, criando projetos que s\u00e3o realizados no Brasil e no exterior. Autora de capas de livros e ilustradora, \u00e9 tamb\u00e9m palestrante sobre Arte e temas correlatos.<\/p>\n","protected":false},"excerpt":{"rendered":"<p>Andante Serigrafia de Clara Pechansky Formato: 33cm x 24cm CLARA PECHANSKY (Pelotas, RS, Brasil, 1936) \u00e9 pintora, desenhista e gravadora. Bacharel em Pintura e Licenciada em Desenho e Hist\u00f3ria da Arte (UFPEL\/UFRGS), possui um s\u00f3lido conjunto de obra e um extenso curr\u00edculo, que compreende mais de 60 exposi\u00e7\u00f5es individuais e de mais de 100 participa\u00e7\u00f5es [&hellip;]<\/p>\n","protected":false},"featured_media":11923,"comment_status":"closed","ping_status":"closed","template":"","meta":[],"product_cat":[27,47,23],"product_tag":[],"class_list":{"0":"post-11921","1":"product","2":"type-product","3":"status-publish","4":"has-post-thumbnail","6":"product_cat-exposicoes","7":"product_cat-natal-arte-2020","8":"product_cat-serigrafia","10":"first","11":"instock","12":"shipping-taxable","13":"purchasable","14":"product-type-simple"},"_links":{"self":[{"href":"https:\/\/www.gravuragaleria.com.br\/index.php?rest_route=\/wp\/v2\/product\/11921","targetHints":{"allow":["GET"]}}],"collection":[{"href":"https:\/\/www.gravuragaleria.com.br\/index.php?rest_route=\/wp\/v2\/product"}],"about":[{"href":"https:\/\/www.gravuragaleria.com.br\/index.php?rest_route=\/wp\/v2\/types\/product"}],"replies":[{"embeddable":true,"href":"https:\/\/www.gravuragaleria.com.br\/index.php?rest_route=%2Fwp%2Fv2%2Fcomments&post=11921"}],"wp:featuredmedia":[{"embeddable":true,"href":"https:\/\/www.gravuragaleria.com.br\/index.php?rest_route=\/wp\/v2\/media\/11923"}],"wp:attachment":[{"href":"https:\/\/www.gravuragaleria.com.br\/index.php?rest_route=%2Fwp%2Fv2%2Fmedia&parent=11921"}],"wp:term":[{"taxonomy":"product_cat","embeddable":true,"href":"https:\/\/www.gravuragaleria.com.br\/index.php?rest_route=%2Fwp%2Fv2%2Fproduct_cat&post=11921"},{"taxonomy":"product_tag","embeddable":true,"href":"https:\/\/www.gravuragaleria.com.br\/index.php?rest_route=%2Fwp%2Fv2%2Fproduct_tag&post=11921"}],"curies":[{"name":"wp","href":"https:\/\/api.w.org\/{rel}","templated":true}]}}