{"id":6088,"date":"2018-07-17T15:30:55","date_gmt":"2018-07-17T18:30:55","guid":{"rendered":"http:\/\/gravuragaleria1.tempsite.ws\/?page_id=6088"},"modified":"2024-06-06T17:24:08","modified_gmt":"2024-06-06T20:24:08","slug":"fidelidade-arquitetos","status":"publish","type":"page","link":"https:\/\/www.gravuragaleria.com.br\/?page_id=6088","title":{"rendered":"Fidelidade \/ Arquitetos"},"content":{"rendered":"<div id='av_section_1'  class='avia-section main_color avia-section-large avia-no-border-styling  av-section-color-overlay-active avia-bg-style-scroll  avia-builder-el-0  el_before_av_section  avia-builder-el-first   container_wrap fullsize' style='background-color: #001c54;  '  ><div class='av-section-color-overlay-wrap'><div class='av-section-color-overlay' style='opacity: 0.5; background-color: #134975; '><\/div><div class='container' ><main  role=\"main\" itemprop=\"mainContentOfPage\"  class='template-page content  av-content-full alpha units'><div class='post-entry post-entry-type-page post-entry-6088'><div class='entry-content-wrapper clearfix'>\n<div  style='padding-bottom:10px; color:#ffffff;' class='av-special-heading av-special-heading-h2 custom-color-heading blockquote modern-quote modern-centered  avia-builder-el-1  avia-builder-el-no-sibling  '><h2 class='av-special-heading-tag '  itemprop=\"headline\"  >FIDELIDADE \/ ARQUITETOS<\/h2><div class='special-heading-border'><div class='special-heading-inner-border' style='border-color:#ffffff'><\/div><\/div><\/div>\n\n<\/div><\/div><\/main><!-- close content main element --><\/div><\/div><\/div><div id='av_section_2'  class='avia-section main_color avia-section-default avia-no-shadow  avia-bg-style-scroll  avia-builder-el-2  el_after_av_section  el_before_av_section   container_wrap fullsize' style='background-color: #ffffff;  '  ><div class='container' ><div class='template-page content  av-content-full alpha units'><div class='post-entry post-entry-type-page post-entry-6088'><div class='entry-content-wrapper clearfix'>\n<section class=\"av_textblock_section \"  itemscope=\"itemscope\" itemtype=\"https:\/\/schema.org\/CreativeWork\" ><div class='avia_textblock  '   itemprop=\"text\" ><p style=\"text-align: center;\"><strong>Depois de anos de muita parceria, foi criado um plano de fidelidade com os arquitetos e designers de interiores, que presenteia os profissionais que mais utilizarem obras de arte em seus projetos. Desde 2011, a Gravura realiza uma confraterniza\u00e7\u00e3o anual de premia\u00e7\u00e3o.<\/strong><\/p>\n<\/div><\/section>\n\n<\/div><\/div><\/div><!-- close content main div --><\/div><\/div><div id='av_section_3'  class='avia-section main_color avia-section-default avia-no-shadow  avia-bg-style-scroll  avia-builder-el-4  el_after_av_section  el_before_av_section   container_wrap fullsize' style=' '  ><div class='container' ><div class='template-page content  av-content-full alpha units'><div class='post-entry post-entry-type-page post-entry-6088'><div class='entry-content-wrapper clearfix'>\n<div class=\"flex_column av_one_half  flex_column_div av-zero-column-padding first  avia-builder-el-5  el_before_av_one_half  avia-builder-el-first  \" style='border-radius:0px; '><div  class='avia-image-container  av-styling-    avia-builder-el-6  avia-builder-el-no-sibling  avia-align-center '  itemprop=\"image\" itemscope=\"itemscope\" itemtype=\"https:\/\/schema.org\/ImageObject\"  ><div class='avia-image-container-inner'><div class='avia-image-overlay-wrap'><img class='avia_image' src='https:\/\/www.gravuragaleria.com.br\/wp-content\/uploads\/2024\/06\/LisaRoos_0224_28022024-300x200.jpg' alt='' title='Lisa Roos Fotografia' height=\"200\" width=\"300\"  itemprop=\"thumbnailUrl\"  \/><\/div><\/div><\/div><\/div><div class=\"flex_column av_one_half  flex_column_div av-zero-column-padding   avia-builder-el-7  el_after_av_one_half  avia-builder-el-last  \" style='border-radius:0px; '><section class=\"av_textblock_section \"  itemscope=\"itemscope\" itemtype=\"https:\/\/schema.org\/CreativeWork\" ><div class='avia_textblock  '   itemprop=\"text\" ><p><strong>2023<\/strong><\/p>\n<p class=\"m_-7036066537736112333MsoListParagraph\">A Gravura Galeria de Arte realizou no dia 28 de Fevereiro de 2024, o Almo\u00e7o de Premia\u00e7\u00e3o do Programa de Fidelidade 2023 para os arquitetos parceiros da galeria. O programa de fidelidade \u00e9 um agradecimento aos dez profissionais que foram mais fi\u00e9is ao longo desse per\u00edodo, indicando clientes, expondo obras dos artistas da galeria em mostras de arquitetura e decora\u00e7\u00e3o e frequentando exposi\u00e7\u00f5es e eventos realizados pela Gravura. A arquiteta Regina Galbinski Teitelbaum, propriet\u00e1ria da galeria, entregou pr\u00eamios para os tr\u00eas primeiros colocados e presentes especiais para os demais.<\/p>\n<p>1-Arq Cynthia Garcia-BG<\/p>\n<p>2-Arq Daniela Giffoni<\/p>\n<p>3-Arq Luana Mundstock- Mundstock Arquitetura<\/p>\n<p>4-Arq Rodrigo Buglioni<\/p>\n<p>5-Arq Ida Nelstein<\/p>\n<p>6-Arq Lineastudio- Arqs Tha\u00eds Rokembach e arq Luara Mayer<\/p>\n<p>7-Arq Cris Finkelstein<\/p>\n<p>8-Arq Gustavo Seferin-Seferin Arquitetura<\/p>\n<p>9-Arq Erika Listo<\/p>\n<p>10-Arq Fernanda Moraes<\/p>\n<\/div><\/section><\/div><\/div><\/div><\/div><!-- close content main div --><\/div><\/div><div id='av_section_4'  class='avia-section main_color avia-section-default avia-no-shadow  avia-bg-style-scroll  avia-builder-el-9  el_after_av_section  el_before_av_section   container_wrap fullsize' style=' '  ><div class='container' ><div class='template-page content  av-content-full alpha units'><div class='post-entry post-entry-type-page post-entry-6088'><div class='entry-content-wrapper clearfix'>\n<div class=\"flex_column av_one_half  flex_column_div av-zero-column-padding first  avia-builder-el-10  el_before_av_one_half  avia-builder-el-first  \" style='border-radius:0px; '><div  class='avia-image-container  av-styling-    avia-builder-el-11  avia-builder-el-no-sibling  avia-align-center '  itemprop=\"image\" itemscope=\"itemscope\" itemtype=\"https:\/\/schema.org\/ImageObject\"  ><div class='avia-image-container-inner'><div class='avia-image-overlay-wrap'><img class='avia_image' src='https:\/\/www.gravuragaleria.com.br\/wp-content\/uploads\/2022\/11\/fid2021-1030x771.jpg' alt='' title='fid2021' height=\"771\" width=\"1030\"  itemprop=\"thumbnailUrl\"  \/><\/div><\/div><\/div><\/div><div class=\"flex_column av_one_half  flex_column_div av-zero-column-padding   avia-builder-el-12  el_after_av_one_half  avia-builder-el-last  \" style='border-radius:0px; '><section class=\"av_textblock_section \"  itemscope=\"itemscope\" itemtype=\"https:\/\/schema.org\/CreativeWork\" ><div class='avia_textblock  '   itemprop=\"text\" ><p><strong>2021<\/strong><\/p>\n<p class=\"m_-7036066537736112333MsoListParagraph\">A Gravura Galeria de Arte realizou na \u00faltima ter\u00e7a-feira, 15 de fevereiro, o Almo\u00e7o de Premia\u00e7\u00e3o do Programa de Fidelidade 2020-2021 para os arquitetos parceiros da galeria, no restaurante Peppo Cucina. O programa de fidelidade \u00e9 um agradecimento aos dez profissionais que foram mais fi\u00e9is ao longo desse per\u00edodo, indicando clientes, expondo obras dos artistas da galeria em mostras de arquitetura e decora\u00e7\u00e3o e frequentando exposi\u00e7\u00f5es e eventos realizados pela Gravura. A arquiteta Regina Galbinski Teitelbaum, propriet\u00e1ria da galeria, entregou pr\u00eamios para os tr\u00eas primeiros colocados e presentes especiais para os demais.<\/p>\n<p><a href=\"https:\/\/www.gravuragaleria.com.br\/?p=20086\">Confira a mat\u00e9ria completa<\/a><\/p>\n<\/div><\/section><\/div>\n<\/p>\n<\/div><\/div><\/div><!-- close content main div --><\/div><\/div><div id='av_section_5'  class='avia-section main_color avia-section-default avia-no-shadow  avia-bg-style-scroll  avia-builder-el-14  el_after_av_section  el_before_av_section   container_wrap fullsize' style=' '  ><div class='container' ><div class='template-page content  av-content-full alpha units'><div class='post-entry post-entry-type-page post-entry-6088'><div class='entry-content-wrapper clearfix'>\n<div class=\"flex_column av_one_half  flex_column_div av-zero-column-padding first  avia-builder-el-15  el_before_av_one_half  avia-builder-el-first  \" style='border-radius:0px; '><div  class='avia-image-container  av-styling-    avia-builder-el-16  avia-builder-el-no-sibling  avia-align-center '  itemprop=\"image\" itemscope=\"itemscope\" itemtype=\"https:\/\/schema.org\/ImageObject\"  ><div class='avia-image-container-inner'><div class='avia-image-overlay-wrap'><img class='avia_image' src='https:\/\/www.gravuragaleria.com.br\/wp-content\/uploads\/2019\/05\/DSCN8065-1030x773.jpg' alt='' title='DSCN8065' height=\"773\" width=\"1030\"  itemprop=\"thumbnailUrl\"  \/><\/div><\/div><\/div><\/div><div class=\"flex_column av_one_half  flex_column_div av-zero-column-padding   avia-builder-el-17  el_after_av_one_half  avia-builder-el-last  \" style='border-radius:0px; '><section class=\"av_textblock_section \"  itemscope=\"itemscope\" itemtype=\"https:\/\/schema.org\/CreativeWork\" ><div class='avia_textblock  '   itemprop=\"text\" ><p><strong>2018<\/strong><\/p>\n<p>1\u00ba &#8211;\u00a0Jos\u00e9 Paulo Tesche<u><\/u><u><\/u><\/p>\n<p class=\"m_-7036066537736112333MsoListParagraph\">2\u00ba &#8211;\u00a0\u00c9rika Listo<u><\/u><u><\/u><\/p>\n<p class=\"m_-7036066537736112333MsoListParagraph\">3\u00ba &#8211;\u00a0Ana M\u00e4hler<u><\/u><u><\/u><\/p>\n<p class=\"m_-7036066537736112333MsoListParagraph\">4\u00ba &#8211;\u00a0Sabrina Sbardeloto<u><\/u><u><\/u><\/p>\n<p class=\"m_-7036066537736112333MsoListParagraph\">5\u00ba &#8211;\u00a0Marcelo Plido e Ana Hnszl<u><\/u><u><\/u><\/p>\n<p class=\"m_-7036066537736112333MsoListParagraph\">6\u00ba &#8211;\u00a0Carla Mayer<u><\/u><u><\/u><\/p>\n<p class=\"m_-7036066537736112333MsoListParagraph\">7\u00ba &#8211;\u00a0Cynthia Garcia-BG Arquitetura<u><\/u><u><\/u><\/p>\n<p class=\"m_-7036066537736112333MsoListParagraph\">8\u00ba &#8211;\u00a0Renata Troggian<u><\/u><u><\/u><\/p>\n<p class=\"m_-7036066537736112333MsoListParagraph\">9\u00ba &#8211;\u00a0Paula Lino<u><\/u><u><\/u><\/p>\n<p class=\"m_-7036066537736112333MsoListParagraph\">10\u00ba &#8211;\u00a0Elizabeth Sant\u2019anna<\/p>\n<\/div><\/section><\/div>\n\n<\/div><\/div><\/div><!-- close content main div --><\/div><\/div><div id='av_section_6'  class='avia-section main_color avia-section-default avia-no-shadow  avia-bg-style-scroll  avia-builder-el-19  el_after_av_section  el_before_av_section   container_wrap fullsize' style=' '  ><div class='container' ><div class='template-page content  av-content-full alpha units'><div class='post-entry post-entry-type-page post-entry-6088'><div class='entry-content-wrapper clearfix'>\n<div class=\"flex_column av_one_half  flex_column_div av-zero-column-padding first  avia-builder-el-20  el_before_av_one_half  avia-builder-el-first  \" style='border-radius:0px; '><div  class='avia-image-container  av-styling-    avia-builder-el-21  avia-builder-el-no-sibling  avia-align-center '  itemprop=\"image\" itemscope=\"itemscope\" itemtype=\"https:\/\/schema.org\/ImageObject\"  ><div class='avia-image-container-inner'><div class='avia-image-overlay-wrap'><img class='avia_image' src='https:\/\/www.gravuragaleria.com.br\/wp-content\/uploads\/2018\/07\/Fidelidade-2017-1030x773.jpg' alt='' title='Fidelidade 2017' height=\"773\" width=\"1030\"  itemprop=\"thumbnailUrl\"  \/><\/div><\/div><\/div><\/div><div class=\"flex_column av_one_half  flex_column_div av-zero-column-padding   avia-builder-el-22  el_after_av_one_half  avia-builder-el-last  \" style='border-radius:0px; '><section class=\"av_textblock_section \"  itemscope=\"itemscope\" itemtype=\"https:\/\/schema.org\/CreativeWork\" ><div class='avia_textblock  '   itemprop=\"text\" ><p><strong>2017<\/strong><\/p>\n<p>1\u00ba &#8211; Lisete e Carlos Jardim<\/p>\n<p>2\u00ba &#8211; Alessandra Pasin e Simone Sim\u00f5es<\/p>\n<p>3\u00ba &#8211; Cynthia Garcia \u2013 BG Arquitetura<\/p>\n<p>4\u00ba &#8211; Let\u00edcia S\u00e1<\/p>\n<p>5\u00ba &#8211; Roberta Andrade<\/p>\n<p>6\u00ba &#8211; \u00a0Jos\u00e9 Paulo Tesche<\/p>\n<p>7\u00ba &#8211; \u00a0Ana Izabel Bergamaschi<\/p>\n<p>8\u00ba &#8211; Andr\u00e9ia Valm\u00f3rbida e Izabel Moratelli<\/p>\n<p>9\u00ba &#8211; \u00a0Vanessa Anflor<\/p>\n<p>10\u00ba &#8211; Ana Paula Bardini<\/p>\n<\/div><\/section><\/div>\n\n<\/div><\/div><\/div><!-- close content main div --><\/div><\/div><div id='av_section_7'  class='avia-section main_color avia-section-default avia-no-shadow  avia-bg-style-scroll  avia-builder-el-24  el_after_av_section  el_before_av_section   container_wrap fullsize' style=' '  ><div class='container' ><div class='template-page content  av-content-full alpha units'><div class='post-entry post-entry-type-page post-entry-6088'><div class='entry-content-wrapper clearfix'>\n<div class=\"flex_column av_one_half  flex_column_div av-zero-column-padding first  avia-builder-el-25  el_before_av_one_half  avia-builder-el-first  \" style='border-radius:0px; '><div  class='avia-image-container  av-styling-    avia-builder-el-26  avia-builder-el-no-sibling  avia-align-center '  itemprop=\"image\" itemscope=\"itemscope\" itemtype=\"https:\/\/schema.org\/ImageObject\"  ><div class='avia-image-container-inner'><div class='avia-image-overlay-wrap'><img class='avia_image' src='https:\/\/www.gravuragaleria.com.br\/wp-content\/uploads\/2018\/07\/Fidelidade-2016-1030x773.jpg' alt='' title='Fidelidade 2016' height=\"773\" width=\"1030\"  itemprop=\"thumbnailUrl\"  \/><\/div><\/div><\/div><\/div><div class=\"flex_column av_one_half  flex_column_div av-zero-column-padding   avia-builder-el-27  el_after_av_one_half  avia-builder-el-last  \" style='border-radius:0px; '><section class=\"av_textblock_section \"  itemscope=\"itemscope\" itemtype=\"https:\/\/schema.org\/CreativeWork\" ><div class='avia_textblock  '   itemprop=\"text\" ><p><strong>2016<\/strong><\/p>\n<p>1\u00ba &#8211; Laline Bitencourt<\/p>\n<p>2\u00ba &#8211; Paula Lino<\/p>\n<p>3\u00ba &#8211; Edgar Casagranda<\/p>\n<p>4\u00ba &#8211; Let\u00edcia S\u00e1<\/p>\n<p>5\u00ba &#8211; Sandro Jasnievez<\/p>\n<p>6\u00ba &#8211; Carlos Lemos<\/p>\n<p>7\u00ba &#8211; Fernando Eckart<\/p>\n<p>8\u00ba &#8211; Danielle Garros<\/p>\n<p>9\u00ba &#8211; Andrea Magalh\u00e3es<\/p>\n<p>10\u00ba &#8211; Gabriele \u00c1vila<\/p>\n<\/div><\/section><\/div>\n\n<\/div><\/div><\/div><!-- close content main div --><\/div><\/div><div id='av_section_8'  class='avia-section main_color avia-section-default avia-no-shadow  avia-bg-style-scroll  avia-builder-el-29  el_after_av_section  el_before_av_section   container_wrap fullsize' style=' '  ><div class='container' ><div class='template-page content  av-content-full alpha units'><div class='post-entry post-entry-type-page post-entry-6088'><div class='entry-content-wrapper clearfix'>\n<div class=\"flex_column av_one_half  flex_column_div av-zero-column-padding first  avia-builder-el-30  el_before_av_one_half  avia-builder-el-first  \" style='border-radius:0px; '><div  class='avia-image-container  av-styling-    avia-builder-el-31  avia-builder-el-no-sibling  avia-align-center '  itemprop=\"image\" itemscope=\"itemscope\" itemtype=\"https:\/\/schema.org\/ImageObject\"  ><div class='avia-image-container-inner'><div class='avia-image-overlay-wrap'><img class='avia_image' src='https:\/\/www.gravuragaleria.com.br\/wp-content\/uploads\/2018\/07\/Fidelidade-arqs-2015-1030x773.jpg' alt='' title='Fidelidade arqs 2015' height=\"773\" width=\"1030\"  itemprop=\"thumbnailUrl\"  \/><\/div><\/div><\/div><\/div><div class=\"flex_column av_one_half  flex_column_div av-zero-column-padding   avia-builder-el-32  el_after_av_one_half  avia-builder-el-last  \" style='border-radius:0px; '><section class=\"av_textblock_section \"  itemscope=\"itemscope\" itemtype=\"https:\/\/schema.org\/CreativeWork\" ><div class='avia_textblock  '   itemprop=\"text\" ><p><strong>2015<\/strong><\/p>\n<p>1\u00ba &#8211; Laline Bitencourt<\/p>\n<p>2\u00ba &#8211; C\u00edntia Aguiar<\/p>\n<p>3\u00ba &#8211; Rog\u00e9rio Pandolfo<\/p>\n<p>4\u00ba &#8211; Carolina Guindani Gon\u00e7alves<\/p>\n<p>5\u00ba &#8211; Carlos Lemos<\/p>\n<p>6\u00ba &#8211; Cynthia Garcia<\/p>\n<p>7\u00ba &#8211; \u00a0Cezar Etienne e Jaqueline Zarpellon Ara\u00fajo<\/p>\n<p>8\u00ba &#8211; Anne Boom e Mar\u00edlia Warken<\/p>\n<p>9\u00ba &#8211; \u00a0Marcelo Polido e Ana Hnzl<\/p>\n<p>10\u00ba &#8211; Jos\u00e9 Paulo Tesche<\/p>\n<\/div><\/section><\/div>\n\n<\/div><\/div><\/div><!-- close content main div --><\/div><\/div><div id='av_section_9'  class='avia-section main_color avia-section-default avia-no-shadow  avia-bg-style-scroll  avia-builder-el-34  el_after_av_section  el_before_av_section   container_wrap fullsize' style=' '  ><div class='container' ><div class='template-page content  av-content-full alpha units'><div class='post-entry post-entry-type-page post-entry-6088'><div class='entry-content-wrapper clearfix'>\n<div class=\"flex_column av_one_half  flex_column_div av-zero-column-padding first  avia-builder-el-35  el_before_av_one_half  avia-builder-el-first  \" style='border-radius:0px; '><div  class='avia-image-container  av-styling-    avia-builder-el-36  avia-builder-el-no-sibling  avia-align-center '  itemprop=\"image\" itemscope=\"itemscope\" itemtype=\"https:\/\/schema.org\/ImageObject\"  ><div class='avia-image-container-inner'><div class='avia-image-overlay-wrap'><img class='avia_image' src='https:\/\/www.gravuragaleria.com.br\/wp-content\/uploads\/2018\/07\/Fidelidade-arqs-2014-1030x773.jpg' alt='' title='Fidelidade arqs 2014' height=\"773\" width=\"1030\"  itemprop=\"thumbnailUrl\"  \/><\/div><\/div><\/div><\/div><div class=\"flex_column av_one_half  flex_column_div av-zero-column-padding   avia-builder-el-37  el_after_av_one_half  avia-builder-el-last  \" style='border-radius:0px; '><section class=\"av_textblock_section \"  itemscope=\"itemscope\" itemtype=\"https:\/\/schema.org\/CreativeWork\" ><div class='avia_textblock  '   itemprop=\"text\" ><p><strong>2014<\/strong><\/p>\n<p>1\u00ba &#8211; Jos\u00e9 Marcelo Velho<\/p>\n<p>2\u00ba &#8211; Angela Snel<\/p>\n<p>3\u00ba &#8211; Laline Bitencourt<\/p>\n<p>4\u00ba &#8211; Miriam Runge<\/p>\n<p>5\u00ba &#8211; Carlos Lemos<\/p>\n<p>6\u00ba &#8211; M\u00e1rcia Lobato<\/p>\n<p>7\u00ba &#8211; Cezar Etienne e Jaqueline Zarpellon Ara\u00fajo<\/p>\n<p>8\u00ba &#8211; Rosane Eifer<\/p>\n<p>9\u00ba &#8211; Rebeca Calheiros Plech<\/p>\n<p>10\u00ba &#8211; Martha Cruz Jaeger<\/p>\n<\/div><\/section><\/div>\n\n<\/div><\/div><\/div><!-- close content main div --><\/div><\/div><div id='av_section_10'  class='avia-section main_color avia-section-default avia-no-shadow  avia-bg-style-scroll  avia-builder-el-39  el_after_av_section  el_before_av_section   container_wrap fullsize' style=' '  ><div class='container' ><div class='template-page content  av-content-full alpha units'><div class='post-entry post-entry-type-page post-entry-6088'><div class='entry-content-wrapper clearfix'>\n<div class=\"flex_column av_one_half  flex_column_div av-zero-column-padding first  avia-builder-el-40  el_before_av_one_half  avia-builder-el-first  \" style='border-radius:0px; '><div  class='avia-image-container  av-styling-    avia-builder-el-41  avia-builder-el-no-sibling  avia-align-center '  itemprop=\"image\" itemscope=\"itemscope\" itemtype=\"https:\/\/schema.org\/ImageObject\"  ><div class='avia-image-container-inner'><div class='avia-image-overlay-wrap'><img class='avia_image' src='https:\/\/www.gravuragaleria.com.br\/wp-content\/uploads\/2018\/07\/Fidelidade-arqs-2013-1030x773.jpg' alt='' title='Fidelidade arqs 2013' height=\"773\" width=\"1030\"  itemprop=\"thumbnailUrl\"  \/><\/div><\/div><\/div><\/div><div class=\"flex_column av_one_half  flex_column_div av-zero-column-padding   avia-builder-el-42  el_after_av_one_half  avia-builder-el-last  \" style='border-radius:0px; '><section class=\"av_textblock_section \"  itemscope=\"itemscope\" itemtype=\"https:\/\/schema.org\/CreativeWork\" ><div class='avia_textblock  '   itemprop=\"text\" ><p><strong>2013<\/strong><\/p>\n<p>1\u00ba &#8211; Silvia Benedetti<\/p>\n<p>2\u00ba &#8211; Rog\u00e9rio Pandolfo<\/p>\n<p>3\u00ba &#8211; Paula Lino<\/p>\n<p>4\u00ba &#8211; Alessandra Pasin e Simone Sim\u00f5es<\/p>\n<p>5\u00ba &#8211; Sabrina Sbardelotto<\/p>\n<p>6\u00ba &#8211; Patr\u00edcia Blaschke<\/p>\n<p>7\u00ba &#8211; Maria de F\u00e1tima Beltr\u00e3o<\/p>\n<p>8\u00ba &#8211; Daniela Z\u00e1ffari<\/p>\n<p>9\u00ba &#8211; Danielle Garros<\/p>\n<p>10\u00ba &#8211; Enaura Leal<\/p>\n<\/div><\/section><\/div>\n\n<\/div><\/div><\/div><!-- close content main div --><\/div><\/div><div id='av_section_11'  class='avia-section main_color avia-section-default avia-no-shadow  avia-bg-style-scroll  avia-builder-el-44  el_after_av_section  el_before_av_section   container_wrap fullsize' style=' '  ><div class='container' ><div class='template-page content  av-content-full alpha units'><div class='post-entry post-entry-type-page post-entry-6088'><div class='entry-content-wrapper clearfix'>\n<div class=\"flex_column av_one_half  flex_column_div av-zero-column-padding first  avia-builder-el-45  el_before_av_one_half  avia-builder-el-first  \" style='border-radius:0px; '><\/div><div class=\"flex_column av_one_half  flex_column_div av-zero-column-padding   avia-builder-el-46  el_after_av_one_half  avia-builder-el-last  \" style='border-radius:0px; '><section class=\"av_textblock_section \"  itemscope=\"itemscope\" itemtype=\"https:\/\/schema.org\/CreativeWork\" ><div class='avia_textblock  '   itemprop=\"text\" ><p><strong>2012<\/strong><\/p>\n<p>1\u00ba &#8211; Laline Bitencourt<\/p>\n<p>2\u00ba &#8211; Rodrigo Buglione<\/p>\n<p>3\u00ba &#8211; Rog\u00e9rio Pandolfo<\/p>\n<p>4\u00ba &#8211; Carina Fraeb<\/p>\n<p>5\u00ba &#8211; Let\u00edcia Paes<\/p>\n<p>6\u00ba &#8211; Marcelo Polido e Ana Hnzl<\/p>\n<p>7\u00ba &#8211; Andr\u00e9ia Weiler e Rafael Schiaffino<\/p>\n<p>8\u00ba &#8211; Gabriele \u00c1vila<\/p>\n<p>9\u00ba &#8211; D\u00e9cio Muniz<\/p>\n<p>10\u00ba &#8211; Raul Pegas<\/p>\n<\/div><\/section><\/div>\n\n<\/div><\/div><\/div><!-- close content main div --><\/div><\/div><div id='av_section_12'  class='avia-section main_color avia-section-default avia-no-shadow  avia-bg-style-scroll  avia-builder-el-48  el_after_av_section  avia-builder-el-last   container_wrap fullsize' style=' '  ><div class='container' ><div class='template-page content  av-content-full alpha units'><div class='post-entry post-entry-type-page post-entry-6088'><div class='entry-content-wrapper clearfix'>\n<div class=\"flex_column av_one_half  flex_column_div av-zero-column-padding first  avia-builder-el-49  el_before_av_one_half  avia-builder-el-first  \" style='border-radius:0px; '><div   data-size='large'  data-lightbox_size='large'  data-animation='fade'  data-conditional_play=''  data-ids='6090,6089'  data-video_counter='0'  data-autoplay='true'  data-bg_slider='false'  data-slide_height=''  data-handle='av_slideshow'  data-interval='5'  data-class=' avia-builder-el-50  avia-builder-el-no-sibling  '  data-el_id=''  data-css_id=''  data-scroll_down=''  data-control_layout='av-control-default'  data-custom_markup=''  data-perma_caption=''  data-autoplay_stopper=''  data-image_attachment=''  data-min_height='0px'  class='avia-slideshow avia-slideshow-1  av-control-default av-default-height-applied avia-slideshow-large av_slideshow  avia-builder-el-50  avia-builder-el-no-sibling   avia-fade-slider '  itemprop=\"image\" itemscope=\"itemscope\" itemtype=\"https:\/\/schema.org\/ImageObject\" ><ul class='avia-slideshow-inner ' style='padding-bottom: 75.04854368932%;' ><li  class=' slide-1 ' ><div data-rel='slideshow-1' class='avia-slide-wrap '   ><img src='https:\/\/www.gravuragaleria.com.br\/wp-content\/uploads\/2018\/07\/Fidelidade-2011-2-1030x773.jpg' width='1030' height='773' title='Fidelidade 2011-2' alt=''  itemprop=\"thumbnailUrl\"   \/><\/div><\/li><li  class=' slide-2 ' ><div data-rel='slideshow-1' class='avia-slide-wrap '   ><img src='https:\/\/www.gravuragaleria.com.br\/wp-content\/uploads\/2018\/07\/Fidelidade-2011-1-1030x773.jpg' width='1030' height='773' title='Fidelidade 2011-1' alt=''  itemprop=\"thumbnailUrl\"   \/><\/div><\/li><\/ul><div class='avia-slideshow-arrows avia-slideshow-controls'><a href='#prev' class='prev-slide' aria-hidden='true' data-av_icon='\ue87c' data-av_iconfont='entypo-fontello'>Anterior<\/a><a href='#next' class='next-slide' aria-hidden='true' data-av_icon='\ue87d' data-av_iconfont='entypo-fontello'>Pr\u00f3ximo<\/a><\/div><div class='avia-slideshow-dots avia-slideshow-controls'><a href='#1' class='goto-slide active' >1<\/a><a href='#2' class='goto-slide ' >2<\/a><\/div><\/div><\/div><div class=\"flex_column av_one_half  flex_column_div av-zero-column-padding   avia-builder-el-51  el_after_av_one_half  avia-builder-el-last  \" style='border-radius:0px; '><section class=\"av_textblock_section \"  itemscope=\"itemscope\" itemtype=\"https:\/\/schema.org\/CreativeWork\" ><div class='avia_textblock  '   itemprop=\"text\" ><p><strong>2011<\/strong><\/p>\n<p>1\u00ba &#8211; Andr\u00e9ia Weiler e Rafael Schiaffino<\/p>\n<p>2\u00ba &#8211; Karen Teixeira<\/p>\n<p>3\u00ba &#8211; Luana e Lisandra Mundstock<\/p>\n<p>4\u00ba &#8211; Laline Bittencourt<\/p>\n<p>5\u00ba &#8211; Karen Waltrick<\/p>\n<p>6\u00ba &#8211; Andr\u00e9a Pereira<\/p>\n<p>7\u00ba &#8211; D\u00e9cio Muniz<\/p>\n<p>8\u00ba &#8211; Paulo Hoffmeister<\/p>\n<p>9\u00ba &#8211; Regina Albuquerque<\/p>\n<p>10\u00ba &#8211; Soraya Romanowsky<\/p>\n<\/div><\/section><\/div>\n","protected":false},"excerpt":{"rendered":"","protected":false},"author":1,"featured_media":0,"parent":0,"menu_order":0,"comment_status":"closed","ping_status":"closed","template":"","meta":{"footnotes":""},"class_list":["post-6088","page","type-page","status-publish","hentry"],"_links":{"self":[{"href":"https:\/\/www.gravuragaleria.com.br\/index.php?rest_route=\/wp\/v2\/pages\/6088","targetHints":{"allow":["GET"]}}],"collection":[{"href":"https:\/\/www.gravuragaleria.com.br\/index.php?rest_route=\/wp\/v2\/pages"}],"about":[{"href":"https:\/\/www.gravuragaleria.com.br\/index.php?rest_route=\/wp\/v2\/types\/page"}],"author":[{"embeddable":true,"href":"https:\/\/www.gravuragaleria.com.br\/index.php?rest_route=\/wp\/v2\/users\/1"}],"replies":[{"embeddable":true,"href":"https:\/\/www.gravuragaleria.com.br\/index.php?rest_route=%2Fwp%2Fv2%2Fcomments&post=6088"}],"version-history":[{"count":8,"href":"https:\/\/www.gravuragaleria.com.br\/index.php?rest_route=\/wp\/v2\/pages\/6088\/revisions"}],"predecessor-version":[{"id":24698,"href":"https:\/\/www.gravuragaleria.com.br\/index.php?rest_route=\/wp\/v2\/pages\/6088\/revisions\/24698"}],"wp:attachment":[{"href":"https:\/\/www.gravuragaleria.com.br\/index.php?rest_route=%2Fwp%2Fv2%2Fmedia&parent=6088"}],"curies":[{"name":"wp","href":"https:\/\/api.w.org\/{rel}","templated":true}]}}