{"id":2866,"date":"2018-05-30T13:42:55","date_gmt":"2018-05-30T16:42:55","guid":{"rendered":"http:\/\/gravuragaleria1.tempsite.ws\/?page_id=2866"},"modified":"2024-06-05T11:56:12","modified_gmt":"2024-06-05T14:56:12","slug":"cursos","status":"publish","type":"page","link":"https:\/\/www.gravuragaleria.com.br\/?page_id=2866","title":{"rendered":"Oficinas de Arte"},"content":{"rendered":"<div id='av_section_1'  class='avia-section main_color avia-section-large avia-no-border-styling  avia-full-stretch av-section-color-overlay-active avia-bg-style-scroll  avia-builder-el-0  el_before_av_section  avia-builder-el-first   container_wrap fullsize' style='background-repeat: no-repeat; background-image: url(https:\/\/www.gravuragaleria.com.br\/wp-content\/uploads\/2018\/05\/artist-painting-artwork-at-workspace-PJL62LX-1500x1001-1-1500x430.jpg);background-attachment: scroll; background-position: center center;  '  data-section-bg-repeat='stretch'><div class='av-section-color-overlay-wrap'><div class='av-section-color-overlay' style='opacity: 0.5; background-color: #134975; '><\/div><div class='container' ><main  role=\"main\" itemprop=\"mainContentOfPage\"  class='template-page content  av-content-full alpha units'><div class='post-entry post-entry-type-page post-entry-2866'><div class='entry-content-wrapper clearfix'>\n<div  style='padding-bottom:10px; color:#ffffff;' class='av-special-heading av-special-heading-h2 custom-color-heading blockquote modern-quote modern-centered  avia-builder-el-1  avia-builder-el-no-sibling  '><h2 class='av-special-heading-tag '  itemprop=\"headline\"  >OFICINAS DE ARTE<\/h2><div class='special-heading-border'><div class='special-heading-inner-border' style='border-color:#ffffff'><\/div><\/div><\/div>\n\n<\/div><\/div><\/main><!-- close content main element --><\/div><\/div><\/div><div id='av_section_2'  class='avia-section main_color avia-section-default avia-no-shadow  avia-bg-style-scroll  avia-builder-el-2  el_after_av_section  avia-builder-el-last   container_wrap fullsize' style='background-color: #ffffff;  '  ><div class='container' ><div class='template-page content  av-content-full alpha units'><div class='post-entry post-entry-type-page post-entry-2866'><div class='entry-content-wrapper clearfix'>\n<div class=\"flex_column av_one_half  flex_column_div av-zero-column-padding first  avia-builder-el-3  el_before_av_one_half  avia-builder-el-first  \" style='border-radius:0px; '><p><section class=\"av_textblock_section \"  itemscope=\"itemscope\" itemtype=\"https:\/\/schema.org\/CreativeWork\" ><div class='avia_textblock  '   itemprop=\"text\" ><p>Desde 2012, o Espa\u00e7o Rosita Galbinski oferece oficinas de arte com atendimento individualizado para adultos, crian\u00e7as e adolescentes. Com aulas tanto para iniciantes quanto para artistas que buscam aprimoramento t\u00e9cnico, a galeria conta com as seguintes oficinas pr\u00e1ticas:<\/p>\n<\/div><\/section><br \/>\n<section class=\"av_textblock_section \"  itemscope=\"itemscope\" itemtype=\"https:\/\/schema.org\/CreativeWork\" ><div class='avia_textblock  '   itemprop=\"text\" ><p><img loading=\"lazy\" decoding=\"async\" class=\"size-full wp-image-7707 alignleft\" src=\"https:\/\/www.gravuragaleria.com.br\/wp-content\/uploads\/2022\/03\/ana.jpg\" alt=\"\" width=\"120\" height=\"120\" \/><\/p>\n<h3 style=\"padding-top: 25px; margin-top: 5px;\">Pintura Contempor\u00e2nea<\/h3>\n<p>Ana Zavadil<\/p>\n<\/div><\/section><br \/>\n<div  style='height:15px' class='hr hr-invisible   avia-builder-el-6  el_after_av_textblock  el_before_av_textblock '><span class='hr-inner ' ><span class='hr-inner-style'><\/span><\/span><\/div><br \/>\n<section class=\"av_textblock_section \"  itemscope=\"itemscope\" itemtype=\"https:\/\/schema.org\/CreativeWork\" ><div class='avia_textblock  '   itemprop=\"text\" ><p><img loading=\"lazy\" decoding=\"async\" class=\"size-full wp-image-7707 alignleft\" src=\"https:\/\/www.gravuragaleria.com.br\/wp-content\/uploads\/2022\/03\/stella.jpg\" alt=\"\" width=\"120\" height=\"120\" \/><\/p>\n<h3 style=\"padding-top: 25px; margin-top: 5px;\">Desenho, Aquarela e Pintura<\/h3>\n<p>Stella Copstein<\/p>\n<\/div><\/section><br \/>\n<div  style='height:15px' class='hr hr-invisible   avia-builder-el-8  el_after_av_textblock  el_before_av_textblock '><span class='hr-inner ' ><span class='hr-inner-style'><\/span><\/span><\/div><br \/>\n<section class=\"av_textblock_section \"  itemscope=\"itemscope\" itemtype=\"https:\/\/schema.org\/CreativeWork\" ><div class='avia_textblock  '   itemprop=\"text\" ><p><img loading=\"lazy\" decoding=\"async\" class=\"wp-image-24660 size-full alignleft\" src=\"https:\/\/www.gravuragaleria.com.br\/wp-content\/uploads\/2024\/06\/Mariana-1.png\" alt=\"\" width=\"120\" height=\"120\" srcset=\"https:\/\/www.gravuragaleria.com.br\/wp-content\/uploads\/2024\/06\/Mariana-1.png 120w, https:\/\/www.gravuragaleria.com.br\/wp-content\/uploads\/2024\/06\/Mariana-1-80x80.png 80w, https:\/\/www.gravuragaleria.com.br\/wp-content\/uploads\/2024\/06\/Mariana-1-36x36.png 36w, https:\/\/www.gravuragaleria.com.br\/wp-content\/uploads\/2024\/06\/Mariana-1-100x100.png 100w\" sizes=\"auto, (max-width: 120px) 100vw, 120px\" \/><\/p>\n<h3 style=\"padding-top: 25px; margin-top: 5px;\">Aquarela B\u00e1sica e Aquarela de Natureza<\/h3>\n<p>Mariana Prestes<\/p>\n<\/div><\/section><br \/>\n<div  style='height:15px' class='hr hr-invisible   avia-builder-el-10  el_after_av_textblock  el_before_av_textblock '><span class='hr-inner ' ><span class='hr-inner-style'><\/span><\/span><\/div><br \/>\n<section class=\"av_textblock_section \"  itemscope=\"itemscope\" itemtype=\"https:\/\/schema.org\/CreativeWork\" ><div class='avia_textblock  '   itemprop=\"text\" ><p><img loading=\"lazy\" decoding=\"async\" class=\"wp-image-24662 size-full alignleft\" src=\"https:\/\/www.gravuragaleria.com.br\/wp-content\/uploads\/2024\/06\/Renata-Rubim.png\" alt=\"\" width=\"120\" height=\"120\" srcset=\"https:\/\/www.gravuragaleria.com.br\/wp-content\/uploads\/2024\/06\/Renata-Rubim.png 120w, https:\/\/www.gravuragaleria.com.br\/wp-content\/uploads\/2024\/06\/Renata-Rubim-80x80.png 80w, https:\/\/www.gravuragaleria.com.br\/wp-content\/uploads\/2024\/06\/Renata-Rubim-36x36.png 36w, https:\/\/www.gravuragaleria.com.br\/wp-content\/uploads\/2024\/06\/Renata-Rubim-100x100.png 100w\" sizes=\"auto, (max-width: 120px) 100vw, 120px\" \/><\/p>\n<h3 style=\"padding-top: 25px; margin-top: 5px;\">Design para Artistas<\/h3>\n<p>Renata Rubim<\/p>\n<\/div><\/section><br \/>\n<div  style='height:15px' class='hr hr-invisible   avia-builder-el-12  el_after_av_textblock  el_before_av_textblock '><span class='hr-inner ' ><span class='hr-inner-style'><\/span><\/span><\/div><br \/>\n<section class=\"av_textblock_section \"  itemscope=\"itemscope\" itemtype=\"https:\/\/schema.org\/CreativeWork\" ><div class='avia_textblock  '   itemprop=\"text\" ><p><img loading=\"lazy\" decoding=\"async\" class=\"size-full wp-image-7707 alignleft\" src=\"https:\/\/www.gravuragaleria.com.br\/wp-content\/uploads\/2022\/03\/kelly.jpg\" alt=\"\" width=\"120\" height=\"120\" \/><\/p>\n<h3 style=\"padding-top: 25px; margin-top: 5px;\">Pintura para Crian\u00e7as e Jovens de Seis a Quinze Anos<\/h3>\n<p>Kelly Martinez<\/p>\n<\/div><\/section><br \/>\n<div  style='height:15px' class='hr hr-invisible   avia-builder-el-14  el_after_av_textblock  el_before_av_textblock '><span class='hr-inner ' ><span class='hr-inner-style'><\/span><\/span><\/div><br \/>\n<section class=\"av_textblock_section \"  itemscope=\"itemscope\" itemtype=\"https:\/\/schema.org\/CreativeWork\" ><div class='avia_textblock  '   itemprop=\"text\" ><p><img loading=\"lazy\" decoding=\"async\" class=\"wp-image-24664 size-full alignleft\" src=\"https:\/\/www.gravuragaleria.com.br\/wp-content\/uploads\/2024\/06\/Paula-Giacobbo.png\" alt=\"\" width=\"120\" height=\"120\" srcset=\"https:\/\/www.gravuragaleria.com.br\/wp-content\/uploads\/2024\/06\/Paula-Giacobbo.png 120w, https:\/\/www.gravuragaleria.com.br\/wp-content\/uploads\/2024\/06\/Paula-Giacobbo-80x80.png 80w, https:\/\/www.gravuragaleria.com.br\/wp-content\/uploads\/2024\/06\/Paula-Giacobbo-36x36.png 36w, https:\/\/www.gravuragaleria.com.br\/wp-content\/uploads\/2024\/06\/Paula-Giacobbo-100x100.png 100w\" sizes=\"auto, (max-width: 120px) 100vw, 120px\" \/><\/p>\n<h3 style=\"padding-top: 25px; margin-top: 5px;\">Oficina de Criatividade para Crian\u00e7as<\/h3>\n<p>Paula Giacobbo<\/p>\n<\/div><\/section><br \/>\n<div  style='height:15px' class='hr hr-invisible   avia-builder-el-16  el_after_av_textblock  el_before_av_textblock '><span class='hr-inner ' ><span class='hr-inner-style'><\/span><\/span><\/div><br \/>\n<section class=\"av_textblock_section \"  itemscope=\"itemscope\" itemtype=\"https:\/\/schema.org\/CreativeWork\" ><div class='avia_textblock  '   itemprop=\"text\" ><p><img loading=\"lazy\" decoding=\"async\" class=\"wp-image-24666 size-full alignleft\" src=\"https:\/\/www.gravuragaleria.com.br\/wp-content\/uploads\/2024\/06\/Jose-Francisco-Alves.png\" alt=\"\" width=\"120\" height=\"120\" srcset=\"https:\/\/www.gravuragaleria.com.br\/wp-content\/uploads\/2024\/06\/Jose-Francisco-Alves.png 120w, https:\/\/www.gravuragaleria.com.br\/wp-content\/uploads\/2024\/06\/Jose-Francisco-Alves-80x80.png 80w, https:\/\/www.gravuragaleria.com.br\/wp-content\/uploads\/2024\/06\/Jose-Francisco-Alves-36x36.png 36w, https:\/\/www.gravuragaleria.com.br\/wp-content\/uploads\/2024\/06\/Jose-Francisco-Alves-100x100.png 100w\" sizes=\"auto, (max-width: 120px) 100vw, 120px\" \/><\/p>\n<h3 style=\"padding-top: 25px; margin-top: 5px;\">Curso Te\u00f3rico sobre a Profiss\u00e3o do Artista<\/h3>\n<p>Jos\u00e9 Francisco Alves<\/p>\n<\/div><\/section><\/p><\/div><div class=\"flex_column av_one_half  flex_column_div av-zero-column-padding   avia-builder-el-18  el_after_av_one_half  avia-builder-el-last  \" style='border-radius:0px; '><div   data-size='gallery'  data-lightbox_size='large'  data-animation='fade'  data-conditional_play=''  data-ids='6101,6102,6100,6103,6104,6105,6099,6106,6107,6108,10341'  data-video_counter='0'  data-autoplay='true'  data-bg_slider='false'  data-slide_height=''  data-handle='av_slideshow'  data-interval='4'  data-class=' avia-builder-el-19  avia-builder-el-no-sibling  '  data-el_id=''  data-css_id=''  data-scroll_down=''  data-control_layout='av-control-default'  data-custom_markup=''  data-perma_caption=''  data-autoplay_stopper=''  data-image_attachment=''  data-min_height='0px'  data-default-height='80.94674556213'  class='avia-slideshow avia-slideshow-1  av-control-default av-default-height-applied avia-slideshow-gallery av_slideshow  avia-builder-el-19  avia-builder-el-no-sibling   avia-fade-slider '  itemprop=\"image\" itemscope=\"itemscope\" itemtype=\"https:\/\/schema.org\/ImageObject\" ><ul class='avia-slideshow-inner ' style='padding-bottom: 80.94674556213%;' ><li  class=' slide-1 ' ><div data-rel='slideshow-1' class='avia-slide-wrap '   ><img src='https:\/\/www.gravuragaleria.com.br\/wp-content\/uploads\/2018\/07\/DSCN6658-845x684.jpg' width='845' height='684' title='DSCN6658' alt=''  itemprop=\"thumbnailUrl\"   \/><\/div><\/li><li  class=' slide-2 ' ><div data-rel='slideshow-1' class='avia-slide-wrap '   ><img src='https:\/\/www.gravuragaleria.com.br\/wp-content\/uploads\/2018\/07\/DSCN6662-845x684.jpg' width='845' height='684' title='DSCN6662' alt=''  itemprop=\"thumbnailUrl\"   \/><\/div><\/li><li  class=' slide-3 ' ><div data-rel='slideshow-1' class='avia-slide-wrap '   ><img src='https:\/\/www.gravuragaleria.com.br\/wp-content\/uploads\/2018\/07\/DSCN6435-845x684.jpg' width='845' height='684' title='DSCN6435' alt=''  itemprop=\"thumbnailUrl\"   \/><\/div><\/li><li  class=' slide-4 ' ><div data-rel='slideshow-1' class='avia-slide-wrap '   ><img src='https:\/\/www.gravuragaleria.com.br\/wp-content\/uploads\/2018\/07\/DSCN6665-845x684.jpg' width='845' height='684' title='DSCN6665' alt=''  itemprop=\"thumbnailUrl\"   \/><\/div><\/li><li  class=' slide-5 ' ><div data-rel='slideshow-1' class='avia-slide-wrap '   ><img src='https:\/\/www.gravuragaleria.com.br\/wp-content\/uploads\/2018\/07\/DSCN6666-845x684.jpg' width='845' height='684' title='DSCN6666' alt=''  itemprop=\"thumbnailUrl\"   \/><\/div><\/li><li  class=' slide-6 ' ><div data-rel='slideshow-1' class='avia-slide-wrap '   ><img src='https:\/\/www.gravuragaleria.com.br\/wp-content\/uploads\/2018\/07\/DSCN6668-845x684.jpg' width='845' height='684' title='DSCN6668' alt=''  itemprop=\"thumbnailUrl\"   \/><\/div><\/li><li  class=' slide-7 ' ><div data-rel='slideshow-1' class='avia-slide-wrap '   ><img src='https:\/\/www.gravuragaleria.com.br\/wp-content\/uploads\/2018\/07\/DSCN6434-845x684.jpg' width='845' height='684' title='DSCN6434' alt=''  itemprop=\"thumbnailUrl\"   \/><\/div><\/li><li  class=' slide-8 ' ><div data-rel='slideshow-1' class='avia-slide-wrap '   ><img src='https:\/\/www.gravuragaleria.com.br\/wp-content\/uploads\/2018\/07\/DSCN6670-845x684.jpg' width='845' height='684' title='DSCN6670' alt=''  itemprop=\"thumbnailUrl\"   \/><\/div><\/li><li  class=' slide-9 ' ><div data-rel='slideshow-1' class='avia-slide-wrap '   ><img src='https:\/\/www.gravuragaleria.com.br\/wp-content\/uploads\/2018\/07\/DSCN6672-845x684.jpg' width='845' height='684' title='DSCN6672' alt=''  itemprop=\"thumbnailUrl\"   \/><\/div><\/li><li  class=' slide-10 ' ><div data-rel='slideshow-1' class='avia-slide-wrap '   ><img src='https:\/\/www.gravuragaleria.com.br\/wp-content\/uploads\/2018\/07\/DSCN6674-845x684.jpg' width='845' height='684' title='DSCN6674' alt=''  itemprop=\"thumbnailUrl\"   \/><\/div><\/li><li  class=' slide-11 ' ><div data-rel='slideshow-1' class='avia-slide-wrap '   ><img src='https:\/\/www.gravuragaleria.com.br\/wp-content\/uploads\/2019\/05\/Beija-flor-1-747x684.jpg' width='747' height='684' title='Beija-flor (1)' alt=''  itemprop=\"thumbnailUrl\"   \/><\/div><\/li><\/ul><div class='avia-slideshow-arrows avia-slideshow-controls'><a href='#prev' class='prev-slide' aria-hidden='true' data-av_icon='\ue87c' data-av_iconfont='entypo-fontello'>Anterior<\/a><a href='#next' class='next-slide' aria-hidden='true' data-av_icon='\ue87d' data-av_iconfont='entypo-fontello'>Pr\u00f3ximo<\/a><\/div><div class='avia-slideshow-dots avia-slideshow-controls'><a href='#1' class='goto-slide active' >1<\/a><a href='#2' class='goto-slide ' >2<\/a><a href='#3' class='goto-slide ' >3<\/a><a href='#4' class='goto-slide ' >4<\/a><a href='#5' class='goto-slide ' >5<\/a><a href='#6' class='goto-slide ' >6<\/a><a href='#7' class='goto-slide ' >7<\/a><a href='#8' class='goto-slide ' >8<\/a><a href='#9' class='goto-slide ' >9<\/a><a href='#10' class='goto-slide ' >10<\/a><a href='#11' class='goto-slide ' >11<\/a><\/div><\/div><\/div>","protected":false},"excerpt":{"rendered":"","protected":false},"author":1,"featured_media":0,"parent":0,"menu_order":0,"comment_status":"closed","ping_status":"closed","template":"","meta":{"footnotes":""},"class_list":["post-2866","page","type-page","status-publish","hentry"],"_links":{"self":[{"href":"https:\/\/www.gravuragaleria.com.br\/index.php?rest_route=\/wp\/v2\/pages\/2866","targetHints":{"allow":["GET"]}}],"collection":[{"href":"https:\/\/www.gravuragaleria.com.br\/index.php?rest_route=\/wp\/v2\/pages"}],"about":[{"href":"https:\/\/www.gravuragaleria.com.br\/index.php?rest_route=\/wp\/v2\/types\/page"}],"author":[{"embeddable":true,"href":"https:\/\/www.gravuragaleria.com.br\/index.php?rest_route=\/wp\/v2\/users\/1"}],"replies":[{"embeddable":true,"href":"https:\/\/www.gravuragaleria.com.br\/index.php?rest_route=%2Fwp%2Fv2%2Fcomments&post=2866"}],"version-history":[{"count":17,"href":"https:\/\/www.gravuragaleria.com.br\/index.php?rest_route=\/wp\/v2\/pages\/2866\/revisions"}],"predecessor-version":[{"id":24668,"href":"https:\/\/www.gravuragaleria.com.br\/index.php?rest_route=\/wp\/v2\/pages\/2866\/revisions\/24668"}],"wp:attachment":[{"href":"https:\/\/www.gravuragaleria.com.br\/index.php?rest_route=%2Fwp%2Fv2%2Fmedia&parent=2866"}],"curies":[{"name":"wp","href":"https:\/\/api.w.org\/{rel}","templated":true}]}}